{"id":62456,"date":"1998-03-25T09:24:33","date_gmt":"1998-03-25T08:24:33","guid":{"rendered":"https:\/\/www.libraria-occitana.org\/?post_type=product&#038;p=62456"},"modified":"2026-04-09T06:27:01","modified_gmt":"2026-04-09T04:27:01","slug":"les-vigilantes","status":"publish","type":"product","link":"https:\/\/www.libraria-occitana.org\/oc\/produch\/les-vigilantes\/","title":{"rendered":"Les Vigilantes"},"content":{"rendered":"<p>Manciet nous prom\u00e8ne, nous abuse, nous charme, nous agace : tout au long de ces douze nouvelles, il nous prom\u00e8ne de Kafka (L\u2019Imper) au surr\u00e9alisme (Oph\u00e9lia Palustris) et de Lautr\u00e9amont (L\u2019Orgue de Flandre) \u00e0 Mandiargue (La Sir\u00e8ne de mer). Il est chez lui partout o\u00f9 souffle le g\u00e9nie, \u00e7a ne ressemble pourtant \u00e0 rien d\u2019autre : c\u2019est du Manciet. \u00c0 lire absolument !<\/p>\n<p>Histoires traduites de l&#8217;occitan.<\/p>\n","protected":false},"excerpt":{"rendered":"<p>Manciet nous prom\u00e8ne, nous abuse, nous charme, nous agace : tout au long de ces douze nouvelles, il nous prom\u00e8ne de Kafka (L\u2019Imper) au surr\u00e9alisme (Oph\u00e9lia Palustris) et de Lautr\u00e9amont (L\u2019Orgue de Flandre) \u00e0 Mandiargue (La Sir\u00e8ne de mer). Il est chez lui partout o\u00f9 souffle le g\u00e9nie, \u00e7a ne ressemble pourtant \u00e0 rien d\u2019autre [&hellip;]<\/p>\n","protected":false},"featured_media":62459,"template":"","meta":{"_acf_changed":false,"_genesis_hide_title":false,"_genesis_hide_breadcrumbs":false,"_genesis_hide_singular_image":false,"_genesis_hide_footer_widgets":false,"_genesis_custom_body_class":"","_genesis_custom_post_class":"","_genesis_layout":""},"product_brand":[],"product_cat":[7133,7175,7183],"product_tag":[],"class_list":{"0":"post-62456","1":"product","2":"type-product","3":"status-publish","4":"has-post-thumbnail","6":"product_cat-libres-oc","7":"product_cat-literatura-oc","8":"product_cat-romans-novelas-oc","9":"pa_auteur-manciet-bernat-oc","10":"pa_editeur-lescampette-oc","11":"pa_langue-francais-oc","12":"entry","14":"first","15":"instock","16":"shipping-taxable","17":"purchasable","18":"product-type-simple"},"acf":[],"_links":{"self":[{"href":"https:\/\/www.libraria-occitana.org\/oc\/wp-json\/wp\/v2\/product\/62456","targetHints":{"allow":["GET"]}}],"collection":[{"href":"https:\/\/www.libraria-occitana.org\/oc\/wp-json\/wp\/v2\/product"}],"about":[{"href":"https:\/\/www.libraria-occitana.org\/oc\/wp-json\/wp\/v2\/types\/product"}],"wp:featuredmedia":[{"embeddable":true,"href":"https:\/\/www.libraria-occitana.org\/oc\/wp-json\/wp\/v2\/media\/62459"}],"wp:attachment":[{"href":"https:\/\/www.libraria-occitana.org\/oc\/wp-json\/wp\/v2\/media?parent=62456"}],"wp:term":[{"taxonomy":"product_brand","embeddable":true,"href":"https:\/\/www.libraria-occitana.org\/oc\/wp-json\/wp\/v2\/product_brand?post=62456"},{"taxonomy":"product_cat","embeddable":true,"href":"https:\/\/www.libraria-occitana.org\/oc\/wp-json\/wp\/v2\/product_cat?post=62456"},{"taxonomy":"product_tag","embeddable":true,"href":"https:\/\/www.libraria-occitana.org\/oc\/wp-json\/wp\/v2\/product_tag?post=62456"}],"curies":[{"name":"wp","href":"https:\/\/api.w.org\/{rel}","templated":true}]}}