{"id":62637,"date":"2025-10-27T16:34:51","date_gmt":"2025-10-27T15:34:51","guid":{"rendered":"https:\/\/www.libraria-occitana.org\/product\/piano-dau-lemosin-dix-pieces-pour-piano-solo-inspirees-de-melodies-traditionnelles-du-limousin\/"},"modified":"2026-04-29T06:06:25","modified_gmt":"2026-04-29T04:06:25","slug":"piano-dau-lemosin-dix-pieces-pour-piano-solo-inspirees-de-melodies-traditionnelles-du-limousin","status":"publish","type":"product","link":"https:\/\/www.libraria-occitana.org\/oc\/produch\/piano-dau-lemosin-dix-pieces-pour-piano-solo-inspirees-de-melodies-traditionnelles-du-limousin\/","title":{"rendered":"Piano dau Lemosin : Dix pi\u00e8ces pour piano solo inspir\u00e9es de m\u00e9lodies traditionnelles du Limousin"},"content":{"rendered":"<p>Pierre Sanp\u00e9r\u00e9 est pianiste et professeur de piano depuis 30 ans, titulaire D.E. Apr\u00e8s des \u00e9tudes en conservatoires r\u00e9compens\u00e9es par trois premiers prix de piano, il a poursuivi ses \u00e9tudes avec la p\u00e9dagogue Monique Deschauss\u00e9es. Une nouvelle construction sur plus de deux d\u00e9cennies qui l&#8217;am\u00e8ne \u00e0 consid\u00e9rer l\u2019\u00e9tude et le jeu au piano d\u2019une mani\u00e8re holistique. Parmi ses axes de travail : \u00e9nergie du point z\u00e9ro (non-faire, non-vouloir) et \u00e9nergie du vide.<\/p>\n<p>Passionn\u00e9 par l\u2019\u00e9tude de civilisations et traditions anciennes, par l\u2019\u00e9tude de l\u2019anatomie compar\u00e9e \u00e0 l\u2019\u00eatre plus subtil, par la captation d\u2019\u00e9nergies telles que le magn\u00e9tisme qui circulent dans le corps humain, il se sert de ses apprentissages et les int\u00e8gre dans sa pratique musicale ainsi que dans son enseignement.<\/p>\n<p>Ce nouvel opus vient \u00e0 la suite des deux partitions de m\u00e9lodies traditionnelles bretonnes, <em>Impressions celtes<\/em> et <em>Expressions celtes<\/em>, \u00e9dit\u00e9es en 2020 et 2023 aux \u00c9ditions Buissonni\u00e8res. Les m\u00e9lodies contenues dans ce recueil sont un t\u00e9moignage et un legs de nos anc\u00eatres, leurs messages peuvent toujours nous parvenir et nous toucher.<\/p>\n<p>Partition, format 22 x 32 cm, conducteur piano (10 pi\u00e8ces) : 32 pages.<\/p>\n<p><strong>Les pi\u00e8ces :<\/strong><\/p>\n<ul>\n<li>Ai vist lo lop<\/li>\n<li>Baissa-te montanha<\/li>\n<li>Le petit gamin<\/li>\n<li>Bela Fran\u00e7on<\/li>\n<li>Diga, Janeta<\/li>\n<li>M&#8217;\u00e9tant lev\u00e9e de grand matin<\/li>\n<li>L\u00e0-haut sur la montagne<\/li>\n<li>Scottish de Ballet<\/li>\n<li>Le tilleul de mon village (Fernand Raynaud)<\/li>\n<li>Le flambeau d&#8217;amour<\/li>\n<\/ul>\n<p>&nbsp;<\/p>\n","protected":false},"excerpt":{"rendered":"<p>Pierre Sanp\u00e9r\u00e9 est pianiste et professeur de piano depuis 30 ans, titulaire D.E. Apr\u00e8s des \u00e9tudes en conservatoires r\u00e9compens\u00e9es par trois premiers prix de piano, il a poursuivi ses \u00e9tudes avec la p\u00e9dagogue Monique Deschauss\u00e9es. Une nouvelle construction sur plus de deux d\u00e9cennies qui l&#8217;am\u00e8ne \u00e0 consid\u00e9rer l\u2019\u00e9tude et le jeu au piano d\u2019une mani\u00e8re [&hellip;]<\/p>\n","protected":false},"featured_media":62623,"template":"","meta":{"_acf_changed":false,"_genesis_hide_title":false,"_genesis_hide_breadcrumbs":false,"_genesis_hide_singular_image":false,"_genesis_hide_footer_widgets":false,"_genesis_custom_body_class":"","_genesis_custom_post_class":"","_genesis_layout":""},"product_brand":[],"product_cat":[7133,7191,7193],"product_tag":[],"class_list":{"0":"post-62637","1":"product","2":"type-product","3":"status-publish","4":"has-post-thumbnail","6":"product_cat-libres-oc","7":"product_cat-musica-danca-oc","8":"product_cat-particions-paraulas-de-chancons-oc","9":"pa_langue-francais-oc","10":"pa_langue-occitan-lemosin-oc","11":"entry","13":"first","14":"instock","15":"featured","16":"shipping-taxable","17":"purchasable","18":"product-type-simple"},"acf":[],"_links":{"self":[{"href":"https:\/\/www.libraria-occitana.org\/oc\/wp-json\/wp\/v2\/product\/62637","targetHints":{"allow":["GET"]}}],"collection":[{"href":"https:\/\/www.libraria-occitana.org\/oc\/wp-json\/wp\/v2\/product"}],"about":[{"href":"https:\/\/www.libraria-occitana.org\/oc\/wp-json\/wp\/v2\/types\/product"}],"wp:featuredmedia":[{"embeddable":true,"href":"https:\/\/www.libraria-occitana.org\/oc\/wp-json\/wp\/v2\/media\/62623"}],"wp:attachment":[{"href":"https:\/\/www.libraria-occitana.org\/oc\/wp-json\/wp\/v2\/media?parent=62637"}],"wp:term":[{"taxonomy":"product_brand","embeddable":true,"href":"https:\/\/www.libraria-occitana.org\/oc\/wp-json\/wp\/v2\/product_brand?post=62637"},{"taxonomy":"product_cat","embeddable":true,"href":"https:\/\/www.libraria-occitana.org\/oc\/wp-json\/wp\/v2\/product_cat?post=62637"},{"taxonomy":"product_tag","embeddable":true,"href":"https:\/\/www.libraria-occitana.org\/oc\/wp-json\/wp\/v2\/product_tag?post=62637"}],"curies":[{"name":"wp","href":"https:\/\/api.w.org\/{rel}","templated":true}]}}