{"id":62640,"date":"2025-10-27T18:38:55","date_gmt":"2025-10-27T17:38:55","guid":{"rendered":"https:\/\/www.libraria-occitana.org\/?post_type=product&#038;p=62640"},"modified":"2026-04-29T05:01:07","modified_gmt":"2026-04-29T03:01:07","slug":"lo-diari-la-cultura-en-occitan-fs06-marcela-delpastre","status":"publish","type":"product","link":"https:\/\/www.libraria-occitana.org\/oc\/produch\/lo-diari-la-cultura-en-occitan-fs06-marcela-delpastre\/","title":{"rendered":"Lo Diari : La cultura, en occitan #FS06 \u2013 Marcela Delpastre"},"content":{"rendered":"<p>Lo Diari es lo magazine de la cultura, tota la cultura, mas en occitan. Literatura, musica, esp\u00f2rt, societat, audiovisual, nov\u00e8las tecnologias, i trobaretz de tot per cadun, servit per una c\u00f2la de redactors venguts de pertot.<\/p>\n<p><strong>Un numero entier sus Marcela Delpastre<\/strong><\/p>\n<p>En 2025, Marcela Delpastre auri\u00e1 fach los 100 ans. Po\u00e8ta, escrivana e pa\u00efsana dau Lemosin, compta demieg las votz mai f\u00f2rtas de la literatura occitana, mai francesa, mai mondiala. Ne\u2019n dobtatz ? <em>Lo Diari<\/em> t\u00f2rna sus una figura universala e enraijada au c\u00f2p emb un numero especiau, que vos donar\u00e1 segur enveja de ne\u2019n saber mai, de ne\u2019n legir mai sus \u2019na femna que jamai aguet segur la reconeissen\u00e7a que meritava.<\/p>\n<p>Queu <em>Diari<\/em> f\u00f2ra seria de 20 pajas en occitan boirat de franc\u00e9s es estat elaborat emb la participacion d\u2019un quinzenat de personas, totas a lur biais especialistas d\u2019un aspect de la vita o de l\u2019\u00f2bra de \u00ab la Marcela \u00bb : Jan dau Melhau, Miqu\u00e8la Stenta, Joan P\u00e8ire Cavaill\u00e9, Micheu Chapduelh, Jan Marc Simeonin, Ter\u00e8sa Canet, Monica Burg, Fran\u00e7ois Dumeaux, Juliette Kempf, Silvan Chabaud, Christine Virolle Da Silva, Annaig Le Naou, Mar\u00e7au Peironia, Sandre Le Roy-Arnaud, la companhi\u00e1 Lilo\u2026 sens comptar l\u2019ajuda preciosa dau monde de l\u2019IEO Lemosin e de la Bfm de Lim\u00f2tges !<\/p>\n<p>Comandatz-lo aura per re\u00e7aubre en mai un marcapajas trach de la mesma terra !<\/p>\n","protected":false},"excerpt":{"rendered":"<p>Lo Diari es lo magazine de la cultura, tota la cultura, mas en occitan. Literatura, musica, esp\u00f2rt, societat, audiovisual, nov\u00e8las tecnologias, i trobaretz de tot per cadun, servit per una c\u00f2la de redactors venguts de pertot. Un numero entier sus Marcela Delpastre En 2025, Marcela Delpastre auri\u00e1 fach los 100 ans. Po\u00e8ta, escrivana e pa\u00efsana [&hellip;]<\/p>\n","protected":false},"featured_media":62643,"template":"","meta":{"_acf_changed":false,"_genesis_hide_title":false,"_genesis_hide_breadcrumbs":false,"_genesis_hide_singular_image":false,"_genesis_hide_footer_widgets":false,"_genesis_custom_body_class":"","_genesis_custom_post_class":"","_genesis_layout":""},"product_brand":[],"product_cat":[7189,7133,7175],"product_tag":[],"class_list":{"0":"post-62640","1":"product","2":"type-product","3":"status-publish","4":"has-post-thumbnail","6":"product_cat-estudis-literaris-oc","7":"product_cat-libres-oc","8":"product_cat-literatura-oc","9":"pa_auteur-collectiu-oc-2","10":"pa_editeur-ieo-opm-oc","11":"pa_langue-francais-oc","12":"pa_langue-occitan-oc","13":"entry","15":"first","16":"instock","17":"shipping-taxable","18":"purchasable","19":"product-type-simple"},"acf":[],"_links":{"self":[{"href":"https:\/\/www.libraria-occitana.org\/oc\/wp-json\/wp\/v2\/product\/62640","targetHints":{"allow":["GET"]}}],"collection":[{"href":"https:\/\/www.libraria-occitana.org\/oc\/wp-json\/wp\/v2\/product"}],"about":[{"href":"https:\/\/www.libraria-occitana.org\/oc\/wp-json\/wp\/v2\/types\/product"}],"wp:featuredmedia":[{"embeddable":true,"href":"https:\/\/www.libraria-occitana.org\/oc\/wp-json\/wp\/v2\/media\/62643"}],"wp:attachment":[{"href":"https:\/\/www.libraria-occitana.org\/oc\/wp-json\/wp\/v2\/media?parent=62640"}],"wp:term":[{"taxonomy":"product_brand","embeddable":true,"href":"https:\/\/www.libraria-occitana.org\/oc\/wp-json\/wp\/v2\/product_brand?post=62640"},{"taxonomy":"product_cat","embeddable":true,"href":"https:\/\/www.libraria-occitana.org\/oc\/wp-json\/wp\/v2\/product_cat?post=62640"},{"taxonomy":"product_tag","embeddable":true,"href":"https:\/\/www.libraria-occitana.org\/oc\/wp-json\/wp\/v2\/product_tag?post=62640"}],"curies":[{"name":"wp","href":"https:\/\/api.w.org\/{rel}","templated":true}]}}