{"id":62752,"date":"2025-06-05T19:13:28","date_gmt":"2025-06-05T17:13:28","guid":{"rendered":"https:\/\/www.libraria-occitana.org\/?post_type=product&#038;p=62752"},"modified":"2026-04-29T10:21:19","modified_gmt":"2026-04-29T08:21:19","slug":"viatge-de-gargantua-dela-garona","status":"publish","type":"product","link":"https:\/\/www.libraria-occitana.org\/oc\/produch\/viatge-de-gargantua-dela-garona\/","title":{"rendered":"Viatge de Gargantu\u00e0 del\u00e0 Garona"},"content":{"rendered":"<p>Demorat esconut dens un vielh manuscrit provassut, ac\u00ed qu\u2019avetz un viatge desconegut deu fam\u00f3s Gargantu\u00e0. Deu passatge de Garona dinc a las montanhas pirenencas, s\u00e8t dias d\u2019ua setmana meravilhosa e misteriosa.<br \/>\nSe voletz v\u00e9der dan\u00e7ar las estelas, volar dab los aus\u00e8ths sauvatges, espiar a l\u2019esconut los mist\u00e8ris herotges deu sabat, garrapetar dab montanh\u00f2us guarruts o ent\u00e9ner las paraulas geladas deus aj\u00f2us disparescuts, \u00e7a-vietz donc acompanhar Gargantu\u00e0 dens lo son viatge iniciatic.<\/p>\n<p>Dab un lexic occitan-franc\u00e9s.<\/p>\n","protected":false},"excerpt":{"rendered":"<p>Demorat esconut dens un vielh manuscrit provassut, ac\u00ed qu\u2019avetz un viatge desconegut deu fam\u00f3s Gargantu\u00e0. Deu passatge de Garona dinc a las montanhas pirenencas, s\u00e8t dias d\u2019ua setmana meravilhosa e misteriosa. Se voletz v\u00e9der dan\u00e7ar las estelas, volar dab los aus\u00e8ths sauvatges, espiar a l\u2019esconut los mist\u00e8ris herotges deu sabat, garrapetar dab montanh\u00f2us guarruts o [&hellip;]<\/p>\n","protected":false},"featured_media":62755,"template":"","meta":{"_acf_changed":false,"_genesis_hide_title":false,"_genesis_hide_breadcrumbs":false,"_genesis_hide_singular_image":false,"_genesis_hide_footer_widgets":false,"_genesis_custom_body_class":"","_genesis_custom_post_class":"","_genesis_layout":""},"product_brand":[],"product_cat":[7133,7175,7183],"product_tag":[],"class_list":{"0":"post-62752","1":"product","2":"type-product","3":"status-publish","4":"has-post-thumbnail","6":"product_cat-libres-oc","7":"product_cat-literatura-oc","8":"product_cat-romans-novelas-oc","9":"pa_auteur-anonime-oc","10":"pa_auteur-dalhari-jan-oc","11":"pa_editeur-letras-doc-oc","12":"pa_langue-occitan-oc","13":"pa_langue-occitan-gascon-oc","14":"entry","16":"first","17":"instock","18":"shipping-taxable","19":"purchasable","20":"product-type-simple"},"acf":[],"_links":{"self":[{"href":"https:\/\/www.libraria-occitana.org\/oc\/wp-json\/wp\/v2\/product\/62752","targetHints":{"allow":["GET"]}}],"collection":[{"href":"https:\/\/www.libraria-occitana.org\/oc\/wp-json\/wp\/v2\/product"}],"about":[{"href":"https:\/\/www.libraria-occitana.org\/oc\/wp-json\/wp\/v2\/types\/product"}],"wp:featuredmedia":[{"embeddable":true,"href":"https:\/\/www.libraria-occitana.org\/oc\/wp-json\/wp\/v2\/media\/62755"}],"wp:attachment":[{"href":"https:\/\/www.libraria-occitana.org\/oc\/wp-json\/wp\/v2\/media?parent=62752"}],"wp:term":[{"taxonomy":"product_brand","embeddable":true,"href":"https:\/\/www.libraria-occitana.org\/oc\/wp-json\/wp\/v2\/product_brand?post=62752"},{"taxonomy":"product_cat","embeddable":true,"href":"https:\/\/www.libraria-occitana.org\/oc\/wp-json\/wp\/v2\/product_cat?post=62752"},{"taxonomy":"product_tag","embeddable":true,"href":"https:\/\/www.libraria-occitana.org\/oc\/wp-json\/wp\/v2\/product_tag?post=62752"}],"curies":[{"name":"wp","href":"https:\/\/api.w.org\/{rel}","templated":true}]}}