{"id":62758,"date":"2025-08-05T19:25:54","date_gmt":"2025-08-05T17:25:54","guid":{"rendered":"https:\/\/www.libraria-occitana.org\/?post_type=product&#038;p=62758"},"modified":"2026-04-29T01:46:53","modified_gmt":"2026-04-28T23:46:53","slug":"limoges-les-halles","status":"publish","type":"product","link":"https:\/\/www.libraria-occitana.org\/oc\/produch\/limoges-les-halles\/","title":{"rendered":"Limoges : Les Halles"},"content":{"rendered":"<p>B\u00e2timent de style Baltard construit de 1887 \u00e0 1889, les halles de Limoges sont class\u00e9es aux monuments historiques depuis 1976. Ce livre retrace leur histoire.<\/p>\n<p>De leurs origines au 19\u00e8me si\u00e8cle, les architectes qui les ont b\u00e2tis, le style Baltard-Eiffel, l\u2019urbanisme du quartier, en passant par les travaux de r\u00e9novation en 2018-2019, la frise en porcelaine de 1889, 328 plaques repr\u00e9sentant les produits en vente aux Halles, unique au monde, la vie des Halles d\u2019hier \u00e0 aujourd\u2019hui, mais aussi des t\u00e9moignages d\u2019anciens commer\u00e7ants, les expositions et animations musicales, tous les aspects des halles sont ici d\u00e9cortiqu\u00e9s et mis en lumi\u00e8re.<br \/>\nD\u2019importants travaux de recherche ont \u00e9t\u00e9 men\u00e9s par les auteurs permettant la d\u00e9couverte d\u2019\u00e9l\u00e9ments in\u00e9dits. Dessins d\u2019architectes en particulier et de photographies de fonds familiaux.<\/p>\n","protected":false},"excerpt":{"rendered":"<p>B\u00e2timent de style Baltard construit de 1887 \u00e0 1889, les halles de Limoges sont class\u00e9es aux monuments historiques depuis 1976. Ce livre retrace leur histoire. De leurs origines au 19\u00e8me si\u00e8cle, les architectes qui les ont b\u00e2tis, le style Baltard-Eiffel, l\u2019urbanisme du quartier, en passant par les travaux de r\u00e9novation en 2018-2019, la frise en [&hellip;]<\/p>\n","protected":false},"featured_media":62761,"template":"","meta":{"_acf_changed":false,"_genesis_hide_title":false,"_genesis_hide_breadcrumbs":false,"_genesis_hide_singular_image":false,"_genesis_hide_footer_widgets":false,"_genesis_custom_body_class":"","_genesis_custom_post_class":"","_genesis_layout":""},"product_brand":[],"product_cat":[7159,7149,7133,7215,7207],"product_tag":[],"class_list":{"0":"post-62758","1":"product","2":"type-product","3":"status-publish","4":"has-post-thumbnail","6":"product_cat-istoria-moderna-e-contemporala-oc","7":"product_cat-istoria-geografia-oc","8":"product_cat-libres-oc","9":"product_cat-patrimoni-bastit-oc","10":"product_cat-tradicions-patrimoni-oc","11":"pa_auteur-boutaud-eric-oc","12":"pa_auteur-granger-patrick-oc","13":"pa_editeur-geste-oc","14":"pa_langue-francais-oc","15":"entry","17":"first","18":"instock","19":"shipping-taxable","20":"purchasable","21":"product-type-simple"},"acf":[],"_links":{"self":[{"href":"https:\/\/www.libraria-occitana.org\/oc\/wp-json\/wp\/v2\/product\/62758","targetHints":{"allow":["GET"]}}],"collection":[{"href":"https:\/\/www.libraria-occitana.org\/oc\/wp-json\/wp\/v2\/product"}],"about":[{"href":"https:\/\/www.libraria-occitana.org\/oc\/wp-json\/wp\/v2\/types\/product"}],"wp:featuredmedia":[{"embeddable":true,"href":"https:\/\/www.libraria-occitana.org\/oc\/wp-json\/wp\/v2\/media\/62761"}],"wp:attachment":[{"href":"https:\/\/www.libraria-occitana.org\/oc\/wp-json\/wp\/v2\/media?parent=62758"}],"wp:term":[{"taxonomy":"product_brand","embeddable":true,"href":"https:\/\/www.libraria-occitana.org\/oc\/wp-json\/wp\/v2\/product_brand?post=62758"},{"taxonomy":"product_cat","embeddable":true,"href":"https:\/\/www.libraria-occitana.org\/oc\/wp-json\/wp\/v2\/product_cat?post=62758"},{"taxonomy":"product_tag","embeddable":true,"href":"https:\/\/www.libraria-occitana.org\/oc\/wp-json\/wp\/v2\/product_tag?post=62758"}],"curies":[{"name":"wp","href":"https:\/\/api.w.org\/{rel}","templated":true}]}}