{"id":62796,"date":"2025-11-19T16:44:26","date_gmt":"2025-11-19T15:44:26","guid":{"rendered":"https:\/\/www.libraria-occitana.org\/?post_type=product&#038;p=62796"},"modified":"2026-04-08T09:31:45","modified_gmt":"2026-04-08T07:31:45","slug":"le-prince-des-cornes-ou-la-religion-carnavalesque","status":"publish","type":"product","link":"https:\/\/www.libraria-occitana.org\/oc\/produch\/le-prince-des-cornes-ou-la-religion-carnavalesque\/","title":{"rendered":"Le Prince des Cornes ou la religion carnavalesque"},"content":{"rendered":"<p>Le carnaval, envisag\u00e9 dans son espace europ\u00e9en, est un ensemble de f\u00eates ant\u00e9rieures au christianisme, dont les liens avec d\u2019autres f\u00eates de l\u2019Antiquit\u00e9 grecque, romaine, proche-orientale, celte, germanique, etc., permettent de d\u00e9gager des caract\u00e8res communs invariables, qui se retraduisent dans les cultures populaires des pays europ\u00e9ens, \u00e0 l\u2019int\u00e9rieur et \u00e0 l\u2019ext\u00e9rieur du christianisme. Dans notre sph\u00e8re g\u00e9oculturelle de l\u2019Europe occidentale, carnaval est bien une f\u00eate pagano-chr\u00e9tienne qui se c\u00e9l\u00e8bre encore en marge du christianisme, ou en confrontation avec lui, et en marge de l\u2019ordre civil \u00e9tabli. (\u2026)<\/p>\n<p>Le carnaval, loin d\u2019\u00eatre r\u00e9duit \u00e0 une parade o\u00f9 chacun se d\u00e9guise comme bon lui semble, le jour de Mardi gras, si encore cette date est respect\u00e9e, couvre en fait un cycle qui s\u2019ouvre \u00e0 partir de fin d\u00e9cembre (\u00e0 partir de No\u00ebl ou de la St Nicolas) jusqu\u2019\u00e0 la p\u00e9riode appel\u00e9e car\u00eame, chez les Chr\u00e9tiens. Carnaval est transmis selon des rituels et une liturgie populaires, dans la mesure o\u00f9 il a travers\u00e9 les si\u00e8cles, v\u00eatu de diverses expressions et interpr\u00e9tations religieuses ou sociales, toujours gr\u00e2ce \u00e0 la pratique populaire o\u00f9, en quelque sorte, il s\u2019est r\u00e9fugi\u00e9, qui dramatise et personnifie les p\u00e9riodicit\u00e9s du temps et les mythes. \u00ab Carnaval est un fait folklorique total dont les aspects agraires, cosmiques, saisonniers, \u00e9pulaires, sociaux, [nous ajouterons mystiques], sont corr\u00e9l\u00e9s \u00bb : en somme, le carnaval est \u00e9tudi\u00e9 comme une religion, c\u2019est-\u00e0-dire comme un ensemble de croyances et de rituels convergents qui poss\u00e8dent une dimension sacr\u00e9e, touchant tous les domaines de la vie humaine et spirituelle, les rapports entre l\u2019homme et la nature, depuis la nature environnante jusqu\u2019\u00e0 la nature la plus \u00e9loign\u00e9e, notamment la plus sauvage.<\/p>\n<p>Un beau livre de 280 pages richement illustr\u00e9es.<\/p>\n","protected":false},"excerpt":{"rendered":"<p>Le carnaval, envisag\u00e9 dans son espace europ\u00e9en, est un ensemble de f\u00eates ant\u00e9rieures au christianisme, dont les liens avec d\u2019autres f\u00eates de l\u2019Antiquit\u00e9 grecque, romaine, proche-orientale, celte, germanique, etc., permettent de d\u00e9gager des caract\u00e8res communs invariables, qui se retraduisent dans les cultures populaires des pays europ\u00e9ens, \u00e0 l\u2019int\u00e9rieur et \u00e0 l\u2019ext\u00e9rieur du christianisme. Dans notre [&hellip;]<\/p>\n","protected":false},"featured_media":62799,"template":"","meta":{"_acf_changed":false,"_genesis_hide_title":false,"_genesis_hide_breadcrumbs":false,"_genesis_hide_singular_image":false,"_genesis_hide_footer_widgets":false,"_genesis_custom_body_class":"","_genesis_custom_post_class":"","_genesis_layout":""},"product_brand":[],"product_cat":[7209,7133,7207],"product_tag":[],"class_list":{"0":"post-62796","1":"product","2":"type-product","3":"status-publish","4":"has-post-thumbnail","6":"product_cat-costumas-rites-e-cresencas-oc","7":"product_cat-libres-oc","8":"product_cat-tradicions-patrimoni-oc","9":"pa_auteur-pauvert-dominique-oc","10":"pa_langue-francais-oc","11":"entry","13":"first","14":"instock","15":"shipping-taxable","16":"purchasable","17":"product-type-simple"},"acf":[],"_links":{"self":[{"href":"https:\/\/www.libraria-occitana.org\/oc\/wp-json\/wp\/v2\/product\/62796","targetHints":{"allow":["GET"]}}],"collection":[{"href":"https:\/\/www.libraria-occitana.org\/oc\/wp-json\/wp\/v2\/product"}],"about":[{"href":"https:\/\/www.libraria-occitana.org\/oc\/wp-json\/wp\/v2\/types\/product"}],"wp:featuredmedia":[{"embeddable":true,"href":"https:\/\/www.libraria-occitana.org\/oc\/wp-json\/wp\/v2\/media\/62799"}],"wp:attachment":[{"href":"https:\/\/www.libraria-occitana.org\/oc\/wp-json\/wp\/v2\/media?parent=62796"}],"wp:term":[{"taxonomy":"product_brand","embeddable":true,"href":"https:\/\/www.libraria-occitana.org\/oc\/wp-json\/wp\/v2\/product_brand?post=62796"},{"taxonomy":"product_cat","embeddable":true,"href":"https:\/\/www.libraria-occitana.org\/oc\/wp-json\/wp\/v2\/product_cat?post=62796"},{"taxonomy":"product_tag","embeddable":true,"href":"https:\/\/www.libraria-occitana.org\/oc\/wp-json\/wp\/v2\/product_tag?post=62796"}],"curies":[{"name":"wp","href":"https:\/\/api.w.org\/{rel}","templated":true}]}}