{"id":62849,"date":"2025-11-28T14:01:01","date_gmt":"2025-11-28T13:01:01","guid":{"rendered":"https:\/\/www.libraria-occitana.org\/?post_type=product&#038;p=62849"},"modified":"2026-04-15T21:11:54","modified_gmt":"2026-04-15T19:11:54","slug":"limoges-art-deco-1925-ou-faire-moderne","status":"publish","type":"product","link":"https:\/\/www.libraria-occitana.org\/oc\/produch\/limoges-art-deco-1925-ou-faire-moderne\/","title":{"rendered":"Limoges art d\u00e9co : 1925 ou faire moderne"},"content":{"rendered":"<p>L\u2019Exposition internationale des arts d\u00e9coratifs et industriels modernes de Paris en 1925 a connu un succ\u00e8s retentissant, attirant des millions de visiteurs venus du monde entier, contribuant au rayonnement du style Art d\u00e9co. Reconnus pour leurs savoir-faire, les fabricants et artisans d\u2019art du Limousin et de ses confins ont souhait\u00e9 contribuer \u00e0 cette c\u00e9l\u00e9bration mondiale de l\u2019art et de l\u2019industrie en r\u00e9pondant au mot d\u2019ordre lanc\u00e9 par les organisateurs de l\u2019Exposition de 1925 : \u00ab Faire moderne. \u00bb<\/p>\n<p>Si elle \u00e9clata en 1925, la modernit\u00e9 artistique, port\u00e9e par de grands collectionneurs d\u2019art ou expos\u00e9e dans la galerie Dalpayrat ouverte aux avant-gardes, s\u2019exprime \u00e0 Limoges d\u00e8s les ann\u00e9es 1910. Loin de vouloir traduire une singularit\u00e9 r\u00e9gionaliste, nombreux sont les manufacturiers limousins \u00e0 s\u2019assurer les collaborations des grands cr\u00e9ateurs de l\u2019Art d\u00e9co, de Paul V\u00e9ra \u00e0 Maurice Dufr\u00e8ne, de Ren\u00e9 Crevel \u00e0 Suzanne Lalique, de Marcel Goupy \u00e0 Paul Follot, de Simon Lissim \u00e0 Umberto Brunelleschi, participant \u00e0 la construction d\u2019un \u00ab style 1925 \u00bb dans toute la diversit\u00e9 de ses expressions.<\/p>\n<p>Pour la premi\u00e8re fois, un ouvrage propose la reconstitution du pavillon de la VIIe R\u00e9gion \u00e9conomique \u2013 dit pavillon de Limoges \u2013 \u00e9difi\u00e9 au c\u0153ur de l\u2019Exposition internationale de 1925 dans ses aspects architecturaux. Il offre \u00e9galement un inventaire des objets d\u2019art d\u00e9coratif et des productions expos\u00e9s \u00e0 Paris depuis les porcelaines, \u00e9maux et vitraux de Limoges, les gants de Saint-Junien aux tapisseries d\u2019Aubusson et de Felletin\u2026 tant dans le pavillon r\u00e9gional qu\u2019au Grand Palais ou dans les pavillons des grands magasins.<\/p>\n<p>\u00c0 travers des \u00e9tudes th\u00e9matiques de sp\u00e9cialistes et une iconographie rare, l\u2019ouvrage d\u00e9voile l\u2019\u00e9lan de renouveau et de modernit\u00e9 qui a anim\u00e9 Limoges et sa r\u00e9gion dans les ann\u00e9es 1920, enrichissant le portrait d\u2019une cit\u00e9 industrielle singuli\u00e8re, insoup\u00e7onn\u00e9e capitale Art d\u00e9co.<\/p>\n","protected":false},"excerpt":{"rendered":"<p>L\u2019Exposition internationale des arts d\u00e9coratifs et industriels modernes de Paris en 1925 a connu un succ\u00e8s retentissant, attirant des millions de visiteurs venus du monde entier, contribuant au rayonnement du style Art d\u00e9co. Reconnus pour leurs savoir-faire, les fabricants et artisans d\u2019art du Limousin et de ses confins ont souhait\u00e9 contribuer \u00e0 cette c\u00e9l\u00e9bration mondiale [&hellip;]<\/p>\n","protected":false},"featured_media":62852,"template":"","meta":{"_acf_changed":false,"_genesis_hide_title":false,"_genesis_hide_breadcrumbs":false,"_genesis_hide_singular_image":false,"_genesis_hide_footer_widgets":false,"_genesis_custom_body_class":"","_genesis_custom_post_class":"","_genesis_layout":""},"product_brand":[],"product_cat":[7135,7133],"product_tag":[],"class_list":{"0":"post-62849","1":"product","2":"type-product","3":"status-publish","4":"has-post-thumbnail","6":"product_cat-arts-oc","7":"product_cat-libres-oc","8":"pa_auteur-collectiu-oc-2","9":"pa_auteur-ferrer-jean-marc-oc","10":"pa_editeur-les-ardents-editeurs-oc","11":"pa_langue-francais-oc","12":"entry","14":"first","15":"instock","16":"shipping-taxable","17":"purchasable","18":"product-type-simple"},"acf":[],"_links":{"self":[{"href":"https:\/\/www.libraria-occitana.org\/oc\/wp-json\/wp\/v2\/product\/62849","targetHints":{"allow":["GET"]}}],"collection":[{"href":"https:\/\/www.libraria-occitana.org\/oc\/wp-json\/wp\/v2\/product"}],"about":[{"href":"https:\/\/www.libraria-occitana.org\/oc\/wp-json\/wp\/v2\/types\/product"}],"wp:featuredmedia":[{"embeddable":true,"href":"https:\/\/www.libraria-occitana.org\/oc\/wp-json\/wp\/v2\/media\/62852"}],"wp:attachment":[{"href":"https:\/\/www.libraria-occitana.org\/oc\/wp-json\/wp\/v2\/media?parent=62849"}],"wp:term":[{"taxonomy":"product_brand","embeddable":true,"href":"https:\/\/www.libraria-occitana.org\/oc\/wp-json\/wp\/v2\/product_brand?post=62849"},{"taxonomy":"product_cat","embeddable":true,"href":"https:\/\/www.libraria-occitana.org\/oc\/wp-json\/wp\/v2\/product_cat?post=62849"},{"taxonomy":"product_tag","embeddable":true,"href":"https:\/\/www.libraria-occitana.org\/oc\/wp-json\/wp\/v2\/product_tag?post=62849"}],"curies":[{"name":"wp","href":"https:\/\/api.w.org\/{rel}","templated":true}]}}