{"id":62856,"date":"2025-11-28T14:18:32","date_gmt":"2025-11-28T13:18:32","guid":{"rendered":"https:\/\/www.libraria-occitana.org\/?post_type=product&#038;p=62856"},"modified":"2026-04-15T21:06:20","modified_gmt":"2026-04-15T19:06:20","slug":"contes-risoliers-cresencas-e-legendas-libre-cd","status":"publish","type":"product","link":"https:\/\/www.libraria-occitana.org\/oc\/produch\/contes-risoliers-cresencas-e-legendas-libre-cd\/","title":{"rendered":"Contes risoli\u00e8rs, cresen\u00e7as e legendas (libre + CD)"},"content":{"rendered":"<p>Aqu\u00ed una garba nov\u00e8la de contes cortets d\u2019Andrieu Lagarda.<br \/>\nDe contes risoli\u00e8rs, de legendas enrasigadas dins son pa\u00eds, o de cresen\u00e7as a las encantadas, a las br\u00e8ishas o als armi\u00e8rs.<br \/>\nDe racontes que p\u00f2don portar paur o gaug, e fan sovenir de farcejaires que se trufan del monde. I a de qu\u00e9 rire e somiar.<\/p>\n<p>L\u2019enregistrament de l\u2019integralitat dels 43 contes acompanha lo t\u00e8xte escriut.<br \/>\nLa votz calorosa d\u2019Alan Vidal dona vida als racontes, dins un occitan famili\u00e8r que sap demorar fid\u00e8l a la bona prononciacion de la lenga d\u2019\u00f2c.<\/p>\n","protected":false},"excerpt":{"rendered":"<p>Aqu\u00ed una garba nov\u00e8la de contes cortets d\u2019Andrieu Lagarda. De contes risoli\u00e8rs, de legendas enrasigadas dins son pa\u00eds, o de cresen\u00e7as a las encantadas, a las br\u00e8ishas o als armi\u00e8rs. De racontes que p\u00f2don portar paur o gaug, e fan sovenir de farcejaires que se trufan del monde. I a de qu\u00e9 rire e somiar. [&hellip;]<\/p>\n","protected":false},"featured_media":62859,"template":"","meta":{"_acf_changed":false,"_genesis_hide_title":false,"_genesis_hide_breadcrumbs":false,"_genesis_hide_singular_image":false,"_genesis_hide_footer_widgets":false,"_genesis_custom_body_class":"","_genesis_custom_post_class":"","_genesis_layout":""},"product_brand":[],"product_cat":[7177,7133,7175],"product_tag":[],"class_list":{"0":"post-62856","1":"product","2":"type-product","3":"status-publish","4":"has-post-thumbnail","6":"product_cat-contes-fablas-oc","7":"product_cat-libres-oc","8":"product_cat-literatura-oc","9":"pa_auteur-lagarda-andrieu-oc","10":"pa_editeur-letras-doc-oc","11":"pa_langue-occitan-oc","12":"pa_langue-occitan-lengadocian-oc","13":"entry","15":"first","16":"instock","17":"shipping-taxable","18":"purchasable","19":"product-type-simple"},"acf":[],"_links":{"self":[{"href":"https:\/\/www.libraria-occitana.org\/oc\/wp-json\/wp\/v2\/product\/62856","targetHints":{"allow":["GET"]}}],"collection":[{"href":"https:\/\/www.libraria-occitana.org\/oc\/wp-json\/wp\/v2\/product"}],"about":[{"href":"https:\/\/www.libraria-occitana.org\/oc\/wp-json\/wp\/v2\/types\/product"}],"wp:featuredmedia":[{"embeddable":true,"href":"https:\/\/www.libraria-occitana.org\/oc\/wp-json\/wp\/v2\/media\/62859"}],"wp:attachment":[{"href":"https:\/\/www.libraria-occitana.org\/oc\/wp-json\/wp\/v2\/media?parent=62856"}],"wp:term":[{"taxonomy":"product_brand","embeddable":true,"href":"https:\/\/www.libraria-occitana.org\/oc\/wp-json\/wp\/v2\/product_brand?post=62856"},{"taxonomy":"product_cat","embeddable":true,"href":"https:\/\/www.libraria-occitana.org\/oc\/wp-json\/wp\/v2\/product_cat?post=62856"},{"taxonomy":"product_tag","embeddable":true,"href":"https:\/\/www.libraria-occitana.org\/oc\/wp-json\/wp\/v2\/product_tag?post=62856"}],"curies":[{"name":"wp","href":"https:\/\/api.w.org\/{rel}","templated":true}]}}