{"id":62884,"date":"2025-11-28T15:39:44","date_gmt":"2025-11-28T14:39:44","guid":{"rendered":"https:\/\/www.libraria-occitana.org\/?post_type=product&#038;p=62884"},"modified":"2026-04-17T00:51:21","modified_gmt":"2026-04-16T22:51:21","slug":"lo-lop-e-lanheu","status":"publish","type":"product","link":"https:\/\/www.libraria-occitana.org\/oc\/produch\/lo-lop-e-lanheu\/","title":{"rendered":"Lo lop e l&#8217;anheu"},"content":{"rendered":"<p>Nascut a Lem\u00f2tges en 1747, Joan Baptista Focaud desiret, dins las darnieras annadas de sa vita, partatjar coma sos compatri\u00f2tas lemosins los ensenhaments de las faulas de La Fontaine. Per 'mor que si\u00e1n de bon comprener per lo mai grand nombre, decidiguet de las adaptar en occitan e faguet par\u00e9isser en 1809 un prumier recuelh jos lo t\u00edtol <em>Quelques fables choisies de La Fontaine mises en vers patois limousin<\/em>. Liurament adaptada de son \u00f2bra, la presenta faula n'en es eisida.<\/p>\n<p>Cette fable est disponible sur vos plateformes d\u2019\u00e9coute pr\u00e9f\u00e9r\u00e9es : <a href=\"https:\/\/wiseband.lnk.to\/Novelum-IEO-Perigord-Lo-Lop-E-Lanheu\">https:\/\/wiseband.lnk.to\/Novelum-IEO-Perigord-Lo-Lop-E-Lanheu<\/a><\/p>\n","protected":false},"excerpt":{"rendered":"<p>Nascut a Lem\u00f2tges en 1747, Joan Baptista Focaud desiret, dins las darnieras annadas de sa vita, partatjar coma sos compatri\u00f2tas lemosins los ensenhaments de las faulas de La Fontaine. Per &#8216;mor que si\u00e1n de bon comprener per lo mai grand nombre, decidiguet de las adaptar en occitan e faguet par\u00e9isser en 1809 un prumier recuelh [&hellip;]<\/p>\n","protected":false},"featured_media":62887,"template":"","meta":{"_acf_changed":false,"_genesis_hide_title":false,"_genesis_hide_breadcrumbs":false,"_genesis_hide_singular_image":false,"_genesis_hide_footer_widgets":false,"_genesis_custom_body_class":"","_genesis_custom_post_class":"","_genesis_layout":""},"product_brand":[],"product_cat":[7177,7171,7165,7133,7175],"product_tag":[],"class_list":{"0":"post-62884","1":"product","2":"type-product","3":"status-publish","4":"has-post-thumbnail","6":"product_cat-contes-fablas-oc","7":"product_cat-drolles-oc","8":"product_cat-jounessa-bd-umor","9":"product_cat-libres-oc","10":"product_cat-literatura-oc","11":"pa_editeur-ieo-perigord-novelum-oc","12":"pa_langue-occitan-oc","13":"pa_langue-occitan-lemosin-oc","14":"entry","16":"first","17":"instock","18":"shipping-taxable","19":"purchasable","20":"product-type-simple"},"acf":[],"_links":{"self":[{"href":"https:\/\/www.libraria-occitana.org\/oc\/wp-json\/wp\/v2\/product\/62884","targetHints":{"allow":["GET"]}}],"collection":[{"href":"https:\/\/www.libraria-occitana.org\/oc\/wp-json\/wp\/v2\/product"}],"about":[{"href":"https:\/\/www.libraria-occitana.org\/oc\/wp-json\/wp\/v2\/types\/product"}],"wp:featuredmedia":[{"embeddable":true,"href":"https:\/\/www.libraria-occitana.org\/oc\/wp-json\/wp\/v2\/media\/62887"}],"wp:attachment":[{"href":"https:\/\/www.libraria-occitana.org\/oc\/wp-json\/wp\/v2\/media?parent=62884"}],"wp:term":[{"taxonomy":"product_brand","embeddable":true,"href":"https:\/\/www.libraria-occitana.org\/oc\/wp-json\/wp\/v2\/product_brand?post=62884"},{"taxonomy":"product_cat","embeddable":true,"href":"https:\/\/www.libraria-occitana.org\/oc\/wp-json\/wp\/v2\/product_cat?post=62884"},{"taxonomy":"product_tag","embeddable":true,"href":"https:\/\/www.libraria-occitana.org\/oc\/wp-json\/wp\/v2\/product_tag?post=62884"}],"curies":[{"name":"wp","href":"https:\/\/api.w.org\/{rel}","templated":true}]}}