{"id":62901,"date":"2025-10-28T16:36:26","date_gmt":"2025-10-28T15:36:26","guid":{"rendered":"https:\/\/www.libraria-occitana.org\/?post_type=product&#038;p=62901"},"modified":"2026-04-16T21:21:30","modified_gmt":"2026-04-16T19:21:30","slug":"dordogne-500-ans-dimages-de-la-riviere","status":"publish","type":"product","link":"https:\/\/www.libraria-occitana.org\/oc\/produch\/dordogne-500-ans-dimages-de-la-riviere\/","title":{"rendered":"Dordogne : 500 ans d&#8217;images de la rivi\u00e8re"},"content":{"rendered":"<p>Une recension des images de la rivi\u00e8re Dordogne, des plus anciennes aux plus r\u00e9centes et des sources \u00e0 l\u2019estuaire. Tous types d\u2019images : cartes, gravures, dessins, peintures, photographies, cin\u00e9ma, jeux vid\u00e9os\u2026<\/p>\n","protected":false},"excerpt":{"rendered":"<p>Une recension des images de la rivi\u00e8re Dordogne, des plus anciennes aux plus r\u00e9centes et des sources \u00e0 l\u2019estuaire. Tous types d\u2019images : cartes, gravures, dessins, peintures, photographies, cin\u00e9ma, jeux vid\u00e9os\u2026<\/p>\n","protected":false},"featured_media":62904,"template":"","meta":{"_acf_changed":false,"_genesis_hide_title":false,"_genesis_hide_breadcrumbs":false,"_genesis_hide_singular_image":false,"_genesis_hide_footer_widgets":false,"_genesis_custom_body_class":"","_genesis_custom_post_class":"","_genesis_layout":""},"product_brand":[],"product_cat":[7199,7133,7197],"product_tag":[],"class_list":{"0":"post-62901","1":"product","2":"type-product","3":"status-publish","4":"has-post-thumbnail","6":"product_cat-guides-torisme-viatge-oc","7":"product_cat-libres-oc","8":"product_cat-natura-torisme-oc","9":"pa_auteur-collectiu-oc-2","10":"pa_editeur-les-editions-du-ruisseau-oc","11":"pa_langue-francais-oc","12":"entry","14":"first","15":"instock","16":"shipping-taxable","17":"purchasable","18":"product-type-simple"},"acf":[],"_links":{"self":[{"href":"https:\/\/www.libraria-occitana.org\/oc\/wp-json\/wp\/v2\/product\/62901","targetHints":{"allow":["GET"]}}],"collection":[{"href":"https:\/\/www.libraria-occitana.org\/oc\/wp-json\/wp\/v2\/product"}],"about":[{"href":"https:\/\/www.libraria-occitana.org\/oc\/wp-json\/wp\/v2\/types\/product"}],"wp:featuredmedia":[{"embeddable":true,"href":"https:\/\/www.libraria-occitana.org\/oc\/wp-json\/wp\/v2\/media\/62904"}],"wp:attachment":[{"href":"https:\/\/www.libraria-occitana.org\/oc\/wp-json\/wp\/v2\/media?parent=62901"}],"wp:term":[{"taxonomy":"product_brand","embeddable":true,"href":"https:\/\/www.libraria-occitana.org\/oc\/wp-json\/wp\/v2\/product_brand?post=62901"},{"taxonomy":"product_cat","embeddable":true,"href":"https:\/\/www.libraria-occitana.org\/oc\/wp-json\/wp\/v2\/product_cat?post=62901"},{"taxonomy":"product_tag","embeddable":true,"href":"https:\/\/www.libraria-occitana.org\/oc\/wp-json\/wp\/v2\/product_tag?post=62901"}],"curies":[{"name":"wp","href":"https:\/\/api.w.org\/{rel}","templated":true}]}}