{"id":62911,"date":"2025-05-28T18:04:38","date_gmt":"2025-05-28T16:04:38","guid":{"rendered":"https:\/\/www.libraria-occitana.org\/?post_type=product&#038;p=62911"},"modified":"2026-04-13T00:41:24","modified_gmt":"2026-04-12T22:41:24","slug":"de-limprimerie-plainemaison-au-frac-artotheque","status":"publish","type":"product","link":"https:\/\/www.libraria-occitana.org\/oc\/produch\/de-limprimerie-plainemaison-au-frac-artotheque\/","title":{"rendered":"De l&#8217;imprimerie Plainemaison au FRAC-Artoth\u00e8que"},"content":{"rendered":"<p>Con\u00e7ue en 1893 par l\u2019ing\u00e9nieur-architecte limougeaud Alfred Rouchaud, l\u2019ancienne imprimerie de F\u00e9lix Plainemaison accueille aujourd\u2019hui le Frac-Artoth\u00e8que de Nouvelle-Aquitaine.<br \/>\nSa fa\u00e7ade largement ouverte sur la rue, sa halle bord\u00e9e de deux niveaux de galeries et sa charpente m\u00e9tallique en font un t\u00e9moin exceptionnel de l\u2019histoire industrielle \u00e0 Limoges. La R\u00e9gion Nouvelle-Aquitaine a confi\u00e9 la reconversion de cet \u00e9difice \u00e0 l\u2019agence d\u2019architecture Jakob+Macfarlane, connue entre autres pour avoir con\u00e7u l\u2019am\u00e9nagement du restaurant Georges au Centre Pompidou, les Docks Cit\u00e9 de la mode et du design \u00e0 Paris, ou encore le Frac Centre, \u00ab les Turbulences \u00bb, \u00e0 Orl\u00e9ans. En 2025, Jakob+MacFarlane est laur\u00e9at du concours pour repr\u00e9senter la France \u00e0 la 19e Exposition internationale d\u2019architecture \u2013 la Biennale de Venise.<\/p>\n<p>Baign\u00e9 d\u2019une lumi\u00e8re abondante gr\u00e2ce \u00e0 sa grande verri\u00e8re, l\u2019\u00e9difice offre des conditions optimales pour mettre en valeur la collection d\u2019art contemporain du Frac-Artoth\u00e8que. Il abrite d\u00e9sormais une d\u00e9clinaison d\u2019espaces distincts : un caf\u00e9-lecture, un atrium, des coursives, un espace de pr\u00eat d\u2019\u0153uvres et une double \u00ab bo\u00eete \u00bb, pens\u00e9e par les architectes pour contenir un espace immersif dans sa partie inf\u00e9rieure. Les qualit\u00e9s propres du site, son architecture pr\u00e9serv\u00e9e et son emplacement en c\u0153ur de ville ont une place pr\u00e9pond\u00e9rante dans tous les aspects du programme, notamment le d\u00e9veloppement des possibilit\u00e9s de cr\u00e9ation avec une ambition num\u00e9rique.<\/p>\n<p>Ce livre est le fruit de ces diff\u00e9rentes approches, de l\u2019histoire de l\u2019imprimerie \u00e0 Limoges \u00e0 celle d\u2019une collection d\u2019art contemporain, avec au c\u0153ur de cet ensemble un projet architectural de grande qualit\u00e9. Il est une invitation \u00e0 r\u00e9fl\u00e9chir au r\u00f4le fondamental de la culture dans nos soci\u00e9t\u00e9s. Selon les mots du Pr\u00e9sident de la R\u00e9gion Nouvelle-Aquitaine, Alain Rousset, le Frac-Artoth\u00e8que incarne cet espace de libert\u00e9 et de respiration o\u00f9 tout se conjugue, un lieu de rencontre et de d\u00e9couverte o\u00f9 rien n\u2019est vraiment fig\u00e9, o\u00f9 notre h\u00e9ritage culturel a toute sa place, tout comme la libert\u00e9 de cr\u00e9ation.<\/p>\n","protected":false},"excerpt":{"rendered":"<p>Con\u00e7ue en 1893 par l\u2019ing\u00e9nieur-architecte limougeaud Alfred Rouchaud, l\u2019ancienne imprimerie de F\u00e9lix Plainemaison accueille aujourd\u2019hui le Frac-Artoth\u00e8que de Nouvelle-Aquitaine. Sa fa\u00e7ade largement ouverte sur la rue, sa halle bord\u00e9e de deux niveaux de galeries et sa charpente m\u00e9tallique en font un t\u00e9moin exceptionnel de l\u2019histoire industrielle \u00e0 Limoges. La R\u00e9gion Nouvelle-Aquitaine a confi\u00e9 la reconversion [&hellip;]<\/p>\n","protected":false},"featured_media":62909,"template":"","meta":{"_acf_changed":false,"_genesis_hide_title":false,"_genesis_hide_breadcrumbs":false,"_genesis_hide_singular_image":false,"_genesis_hide_footer_widgets":false,"_genesis_custom_body_class":"","_genesis_custom_post_class":"","_genesis_layout":""},"product_brand":[],"product_cat":[7133,7215,7207],"product_tag":[],"class_list":{"0":"post-62911","1":"product","2":"type-product","3":"status-publish","4":"has-post-thumbnail","6":"product_cat-libres-oc","7":"product_cat-patrimoni-bastit-oc","8":"product_cat-tradicions-patrimoni-oc","9":"pa_auteur-collectiu-oc-2","10":"pa_editeur-geste-oc","11":"pa_langue-francais-oc","12":"entry","14":"first","15":"instock","16":"shipping-taxable","17":"purchasable","18":"product-type-simple"},"acf":[],"_links":{"self":[{"href":"https:\/\/www.libraria-occitana.org\/oc\/wp-json\/wp\/v2\/product\/62911","targetHints":{"allow":["GET"]}}],"collection":[{"href":"https:\/\/www.libraria-occitana.org\/oc\/wp-json\/wp\/v2\/product"}],"about":[{"href":"https:\/\/www.libraria-occitana.org\/oc\/wp-json\/wp\/v2\/types\/product"}],"wp:featuredmedia":[{"embeddable":true,"href":"https:\/\/www.libraria-occitana.org\/oc\/wp-json\/wp\/v2\/media\/62909"}],"wp:attachment":[{"href":"https:\/\/www.libraria-occitana.org\/oc\/wp-json\/wp\/v2\/media?parent=62911"}],"wp:term":[{"taxonomy":"product_brand","embeddable":true,"href":"https:\/\/www.libraria-occitana.org\/oc\/wp-json\/wp\/v2\/product_brand?post=62911"},{"taxonomy":"product_cat","embeddable":true,"href":"https:\/\/www.libraria-occitana.org\/oc\/wp-json\/wp\/v2\/product_cat?post=62911"},{"taxonomy":"product_tag","embeddable":true,"href":"https:\/\/www.libraria-occitana.org\/oc\/wp-json\/wp\/v2\/product_tag?post=62911"}],"curies":[{"name":"wp","href":"https:\/\/api.w.org\/{rel}","templated":true}]}}