{"id":62999,"date":"2025-12-10T17:10:06","date_gmt":"2025-12-10T16:10:06","guid":{"rendered":"https:\/\/www.libraria-occitana.org\/?post_type=product&#038;p=62999"},"modified":"2025-12-11T10:09:56","modified_gmt":"2025-12-11T09:09:56","slug":"pepper-carrot-tome-2-las-mascas-de-caosah","status":"publish","type":"product","link":"https:\/\/www.libraria-occitana.org\/oc\/produch\/pepper-carrot-tome-2-las-mascas-de-caosah\/","title":{"rendered":"Pepper &#038; Carrot T\u00f2me 2 : Las Mascas de Caosah"},"content":{"rendered":"<p>Apr\u00e8s lo <a href=\"https:\/\/www.libraria-occitana.org\/produit\/pepper-carrot-tome-1-pocion-de-volada\/\">T\u00f2me 1<\/a> sortit en 2023, ac\u00ed qu'avetz la seguida de las aventuras de la broisha Pepper e deu son gat Carrot qui contunhan de har har a l'estiracosseja a las broishas Cayenne, Thym e Cumin. Dens lo monde meravilh\u00f3s de Hereva, las mairias que tr\u00f2ban l'educacion de la lor unica hilh\u00f2la e eret\u00e8ra deus lors poders mei compl\u00e8xe que previst. Segur, que h\u00e8 pocions magicas, qu'encontra autes personatges fantastics\u2026 A c\u00f2ps, las aventuras ne's passan pas com esperat mes que son tostemps l'escaden\u00e7a d'aprendissatges nav\u00e8ths.<\/p>\n","protected":false},"excerpt":{"rendered":"<p>Apr\u00e8s lo T\u00f2me 1 sortit en 2023, ac\u00ed qu&#8217;avetz la seguida de las aventuras de la broisha Pepper e deu son gat Carrot qui contunhan de har har a l&#8217;estiracosseja a las broishas Cayenne, Thym e Cumin. Dens lo monde meravilh\u00f3s de Hereva, las mairias que tr\u00f2ban l&#8217;educacion de la lor unica hilh\u00f2la e eret\u00e8ra [&hellip;]<\/p>\n","protected":false},"featured_media":62990,"template":"","meta":{"_acf_changed":false,"_genesis_hide_title":false,"_genesis_hide_breadcrumbs":false,"_genesis_hide_singular_image":false,"_genesis_hide_footer_widgets":false,"_genesis_custom_body_class":"","_genesis_custom_post_class":"","_genesis_layout":""},"product_brand":[],"product_cat":[7169,7165,7133],"product_tag":[],"class_list":{"0":"post-62999","1":"product","2":"type-product","3":"status-publish","4":"has-post-thumbnail","6":"product_cat-benda-dessenhada-oc","7":"product_cat-jounessa-bd-umor","8":"product_cat-libres-oc","9":"pa_auteur-revoy-david-oc","10":"pa_editeur-reclams-oc","11":"pa_illustrateur-seguier-aura-oc","12":"pa_langue-occitan-oc","13":"pa_langue-occitan-lengadocian-oc","14":"entry","16":"first","17":"instock","18":"shipping-taxable","19":"purchasable","20":"product-type-simple"},"acf":[],"_links":{"self":[{"href":"https:\/\/www.libraria-occitana.org\/oc\/wp-json\/wp\/v2\/product\/62999","targetHints":{"allow":["GET"]}}],"collection":[{"href":"https:\/\/www.libraria-occitana.org\/oc\/wp-json\/wp\/v2\/product"}],"about":[{"href":"https:\/\/www.libraria-occitana.org\/oc\/wp-json\/wp\/v2\/types\/product"}],"wp:featuredmedia":[{"embeddable":true,"href":"https:\/\/www.libraria-occitana.org\/oc\/wp-json\/wp\/v2\/media\/62990"}],"wp:attachment":[{"href":"https:\/\/www.libraria-occitana.org\/oc\/wp-json\/wp\/v2\/media?parent=62999"}],"wp:term":[{"taxonomy":"product_brand","embeddable":true,"href":"https:\/\/www.libraria-occitana.org\/oc\/wp-json\/wp\/v2\/product_brand?post=62999"},{"taxonomy":"product_cat","embeddable":true,"href":"https:\/\/www.libraria-occitana.org\/oc\/wp-json\/wp\/v2\/product_cat?post=62999"},{"taxonomy":"product_tag","embeddable":true,"href":"https:\/\/www.libraria-occitana.org\/oc\/wp-json\/wp\/v2\/product_tag?post=62999"}],"curies":[{"name":"wp","href":"https:\/\/api.w.org\/{rel}","templated":true}]}}