{"id":63002,"date":"2023-04-10T17:20:55","date_gmt":"2023-04-10T15:20:55","guid":{"rendered":"https:\/\/www.libraria-occitana.org\/?post_type=product&#038;p=63002"},"modified":"2026-04-29T10:55:28","modified_gmt":"2026-04-29T08:55:28","slug":"pepper-carrot-tome-1-potinga-denvolada","status":"publish","type":"product","link":"https:\/\/www.libraria-occitana.org\/oc\/produch\/pepper-carrot-tome-1-potinga-denvolada\/","title":{"rendered":"Pepper &#038; Carrot T\u00f2me 1 : Potinga d&#8217;envolada"},"content":{"rendered":"<p>La broisha Pepper e lo son gat Carrot que viven en un b\u00f2sc deu monde meravilh\u00f3s de Hereva. De segur, que h\u00e8n potingas magicas, qu'encontran autas broishas, mes, a c\u00f2ps, las aventuras ne's passan pas com esperat.<\/p>\n","protected":false},"excerpt":{"rendered":"<p>La broisha Pepper e lo son gat Carrot que viven en un b\u00f2sc deu monde meravilh\u00f3s de Hereva. De segur, que h\u00e8n potingas magicas, qu&#8217;encontran autas broishas, mes, a c\u00f2ps, las aventuras ne&#8217;s passan pas com esperat.<\/p>\n","protected":false},"featured_media":63006,"template":"","meta":{"_acf_changed":false,"_genesis_hide_title":false,"_genesis_hide_breadcrumbs":false,"_genesis_hide_singular_image":false,"_genesis_hide_footer_widgets":false,"_genesis_custom_body_class":"","_genesis_custom_post_class":"","_genesis_layout":""},"product_brand":[],"product_cat":[7169,7165,7133],"product_tag":[],"class_list":{"0":"post-63002","1":"product","2":"type-product","3":"status-publish","4":"has-post-thumbnail","6":"product_cat-benda-dessenhada-oc","7":"product_cat-jounessa-bd-umor","8":"product_cat-libres-oc","9":"pa_auteur-revoy-david-oc","10":"pa_editeur-reclams-oc","11":"pa_illustrateur-seguier-aura-oc","12":"pa_langue-occitan-oc","13":"pa_langue-occitan-gascon-oc","14":"entry","16":"first","17":"instock","18":"shipping-taxable","19":"purchasable","20":"product-type-simple"},"acf":[],"_links":{"self":[{"href":"https:\/\/www.libraria-occitana.org\/oc\/wp-json\/wp\/v2\/product\/63002","targetHints":{"allow":["GET"]}}],"collection":[{"href":"https:\/\/www.libraria-occitana.org\/oc\/wp-json\/wp\/v2\/product"}],"about":[{"href":"https:\/\/www.libraria-occitana.org\/oc\/wp-json\/wp\/v2\/types\/product"}],"wp:featuredmedia":[{"embeddable":true,"href":"https:\/\/www.libraria-occitana.org\/oc\/wp-json\/wp\/v2\/media\/63006"}],"wp:attachment":[{"href":"https:\/\/www.libraria-occitana.org\/oc\/wp-json\/wp\/v2\/media?parent=63002"}],"wp:term":[{"taxonomy":"product_brand","embeddable":true,"href":"https:\/\/www.libraria-occitana.org\/oc\/wp-json\/wp\/v2\/product_brand?post=63002"},{"taxonomy":"product_cat","embeddable":true,"href":"https:\/\/www.libraria-occitana.org\/oc\/wp-json\/wp\/v2\/product_cat?post=63002"},{"taxonomy":"product_tag","embeddable":true,"href":"https:\/\/www.libraria-occitana.org\/oc\/wp-json\/wp\/v2\/product_tag?post=63002"}],"curies":[{"name":"wp","href":"https:\/\/api.w.org\/{rel}","templated":true}]}}