{"id":63097,"date":"2023-02-20T11:14:57","date_gmt":"2023-02-20T10:14:57","guid":{"rendered":"https:\/\/www.libraria-occitana.org\/?post_type=product&#038;p=63097"},"modified":"2026-04-26T02:21:32","modified_gmt":"2026-04-26T00:21:32","slug":"la-troba-anthologie-chantee-des-troubadours-xiie-xiiie-siecles-vol-6-anonimes-libre-2-cd","status":"publish","type":"product","link":"https:\/\/www.libraria-occitana.org\/oc\/produch\/la-troba-anthologie-chantee-des-troubadours-xiie-xiiie-siecles-vol-6-anonimes-libre-2-cd\/","title":{"rendered":"La Tr\u00f2ba : Anthologie chant\u00e9e des troubadours XIIe &#8211; XIIIe si\u00e8cles. Vol. 6 Anonimes (libre + 2 CD)"},"content":{"rendered":"<p>Ce livre-CD constitue le sixi\u00e8me volume de la grande anthologie chant\u00e9e des troubadours jusqu&#8217;alors sous forme de coffret-CDs. Il est consacr\u00e9 aux troubadours anonymes.<br \/>\nEnregistr\u00e9 en l&#8217;abbaye de Fontfroide, octobre 2022, par Troubadours Art Ensemble. Direction G\u00e9rard Zuchetto.<\/p>\n<p>Dans les chansonniers m\u00e9di\u00e9vaux qui font \u00e9tat de centaines de chansons, dont les 248 d&#8217;attribution nominative conserv\u00e9es avec la ligne m\u00e9lodique du premier couplet, que nous avons d\u00e9j\u00e0 enregistr\u00e9es dans leur int\u00e9gralit\u00e9, se trouvent des chansons dites \u00ab anonymes \u00bb. Leur origine troubadouresque ne peut \u00eatre certifi\u00e9e. Ces chants et fragments sont dispos\u00e9s au hasard des brefs de parchemin qui furent eux-m\u00eames copi\u00e9s, recopi\u00e9s, puis assembl\u00e9s en livres de chants.<br \/>\nCes t\u00e9moignages des sans-noms, au nombre de trente-deux, sont d&#8217;un int\u00e9r\u00eat in\u00e9gal mais ils repr\u00e9sentent un autre <em>trobar<\/em>, sinon une autre vision de la chanson m\u00e9di\u00e9vale occitane. Et c&#8217;est en les chantant que nous pouvons en appr\u00e9cier la valeur artistique.<\/p>\n<p><strong>Cant \/ Chant \/ Voice<\/strong><br \/>\nSandra Hurtado R\u00f2s &#8211; B\u00e9atrice Pary &#8211; Antoni Madueno &#8211; Josep Benet ; C\u00e9dric Crespin &#8211; L\u00e9o Richomme &#8211; G\u00e9rard Zuchetto<\/p>\n<p><strong>Instruments<\/strong><br \/>\nL\u00e9o Richomme : oud, ney &#8211; C\u00e9dric Crespin : rebec, vi\u00e8le &#8211; Andr\u00e9 Rochard : oud, vi\u00e8le, ney, guiterne &#8211; Patrice Villaum\u00e9 : tympanon, vielle \u00e0 roue t\u00e9nor &#8211; Bertrand Bayle : guiterne, citole &#8211; Laurence Fraisse : fl\u00fbtes &#8211; Christophe Montet : percussions ; V\u00e9ronique Condesse : harpe &#8211; Denyse Dowling : fl\u00fbtes &#8211; Mathieu Rossi : tarota, veuze &#8211; Pascal Jaussaud : boha &#8211; J\u00e9r\u00f4me Viollet : percussions &#8211; Jean Pierre Dubuquoy : rebec, vi\u00e8le &#8211; Patrice Brient : psalt\u00e9rion &#8211; Guy Robert : oud, harpe, organetto.<br \/>\nGerard Zuchetto : chant et direction musicale, restitution des textes et traductions<\/p>\n<p><strong>Sources :<\/strong><br \/>\nRobert Lafont, Isma\u00ebl de la Cuesta : <em>Las Can\u00e7ons dels Trobadors<\/em>, IEO, Tolosa, 1979.<br \/>\nGerard Zuchetto : <a href=\"https:\/\/www.libraria-occitana.org\/produit\/la-troba-linvention-lyrique-occitane-des-troubadours-xiie-xiiie-siecles\/\"><em>La Tr\u00f2ba : L&#8217;invention lyrique des troubadours XIIe-XIIIe si\u00e8cles<\/em><\/a>, Tr\u00f2ba Vox, Monts\u00e9ret, 2017.<\/p>\n<ul>\n<li><a href=\"https:\/\/www.libraria-occitana.org\/produit\/la-troba-anthologie-chantee-des-troubadours-xie-xiiie-siecles-1-4-cd\/\"><em>La Tr\u00f2ba<\/em> 1<\/a> : Guilhem de Peiteus &#8211; Jaufre Rudel &#8211; Marcabru &#8211; Rigaut de Berbezilh &#8211; Berenguier de Palazol &#8211; Peire d\u2019Alvernha &#8211; Bernart de Ventadorn<\/li>\n<li><a href=\"https:\/\/www.libraria-occitana.org\/produit\/la-troba-anthologie-chantee-des-troubadours-xie-xiiie-siecles-2-4-cd\/\"><em>La Tr\u00f2ba<\/em> 2<\/a> : Raimbaut d\u2019Aurenga &#8211; Giraut de Bornelh &#8211; Guilhem de Sant Leidier &#8211; Raimon Jordan &#8211; Folquet de Marselha &#8211; Arnaut de Maruelh &#8211; Jordan Bonel &#8211; Bertran de Born &#8211; Gaucelm Faidit<\/li>\n<li><a href=\"https:\/\/www.libraria-occitana.org\/produit\/la-troba-anthologie-chantee-des-troubadours-xie-xiiie-siecles-3-5-cd\/\"><em>La Tr\u00f2ba<\/em> 3<\/a> : Comtessa de Dia &#8211; Raimbaut de Vaqueiras &#8211; Peire Vidal &#8211; Guilhem Magret &#8211; Peire Raimon de Tolosa &#8211; Perdigon &#8211; Aimeric de Peguilhan &#8211; Raimon de Miraval<\/li>\n<li><a href=\"https:\/\/www.libraria-occitana.org\/produit\/la-troba-anthologie-chantee-des-troubadours-xie-xiiie-siecles-4-4-cd\/\"><em>La Tr\u00f2ba<\/em> 4<\/a> : Gui d\u2019Ussel &#8211; Lo Monge de Montaudon &#8211; Guilhem Ademar &#8211; Peirol &#8211; Uc Brunenc &#8211; Albertet de Sisteron &#8211; Pistoleta &#8211; Guilhem Augier Novelas &#8211; Falquet de Romans &#8211; Cadenet &#8211; Pons de Capduelh &#8211; Blacasset &#8211; Aimeric de Belenoi Pons d\u2019Ortafa &#8211; Uc de Sant Circ &#8211; Peire Cardenal &#8211; Daude de Pradas<\/li>\n<li><a href=\"https:\/\/www.libraria-occitana.org\/produit\/la-troba-anthologie-chantee-des-troubadours-xie-xiiie-siecles-5-5-cd\/\"><em>La Tr\u00f2ba<\/em> 5<\/a> : Guiraut Riquier &#8211; Lo Monge (Jaufre) de Foix\u00e0 &#8211; Matfre Ermengaud<\/li>\n<li><em>La Tr\u00f2ba<\/em> 6 : Anonymes<\/li>\n<\/ul>\n","protected":false},"excerpt":{"rendered":"<p>Ce livre-CD constitue le sixi\u00e8me volume de la grande anthologie chant\u00e9e des troubadours jusqu&#8217;alors sous forme de coffret-CDs. Il est consacr\u00e9 aux troubadours anonymes. Enregistr\u00e9 en l&#8217;abbaye de Fontfroide, octobre 2022, par Troubadours Art Ensemble. Direction G\u00e9rard Zuchetto. Dans les chansonniers m\u00e9di\u00e9vaux qui font \u00e9tat de centaines de chansons, dont les 248 d&#8217;attribution nominative conserv\u00e9es [&hellip;]<\/p>\n","protected":false},"featured_media":63100,"template":"","meta":{"_acf_changed":false,"_genesis_hide_title":false,"_genesis_hide_breadcrumbs":false,"_genesis_hide_singular_image":false,"_genesis_hide_footer_widgets":false,"_genesis_custom_body_class":"","_genesis_custom_post_class":"","_genesis_layout":""},"product_brand":[],"product_cat":[7195,7133,7175,16683,7227,7191,7181],"product_tag":[],"class_list":{"0":"post-63097","1":"product","2":"type-product","3":"status-publish","4":"has-post-thumbnail","6":"product_cat-estudis-oc","7":"product_cat-libres-oc","8":"product_cat-literatura-oc","9":"product_cat-musica-oc","10":"product_cat-musica-classica-trobadors-oc","11":"product_cat-musica-danca-oc","12":"product_cat-poesia-oc","13":"pa_auteur-troubadours-art-ensemble-oc","14":"pa_auteur-zuchetto-gerard-oc","15":"pa_editeur-troba-vox-oc","16":"pa_langue-occitan-medievau-oc","17":"pa_langue-occitan-francais-oc","18":"entry","20":"first","21":"instock","22":"shipping-taxable","23":"purchasable","24":"product-type-simple"},"acf":[],"_links":{"self":[{"href":"https:\/\/www.libraria-occitana.org\/oc\/wp-json\/wp\/v2\/product\/63097","targetHints":{"allow":["GET"]}}],"collection":[{"href":"https:\/\/www.libraria-occitana.org\/oc\/wp-json\/wp\/v2\/product"}],"about":[{"href":"https:\/\/www.libraria-occitana.org\/oc\/wp-json\/wp\/v2\/types\/product"}],"wp:featuredmedia":[{"embeddable":true,"href":"https:\/\/www.libraria-occitana.org\/oc\/wp-json\/wp\/v2\/media\/63100"}],"wp:attachment":[{"href":"https:\/\/www.libraria-occitana.org\/oc\/wp-json\/wp\/v2\/media?parent=63097"}],"wp:term":[{"taxonomy":"product_brand","embeddable":true,"href":"https:\/\/www.libraria-occitana.org\/oc\/wp-json\/wp\/v2\/product_brand?post=63097"},{"taxonomy":"product_cat","embeddable":true,"href":"https:\/\/www.libraria-occitana.org\/oc\/wp-json\/wp\/v2\/product_cat?post=63097"},{"taxonomy":"product_tag","embeddable":true,"href":"https:\/\/www.libraria-occitana.org\/oc\/wp-json\/wp\/v2\/product_tag?post=63097"}],"curies":[{"name":"wp","href":"https:\/\/api.w.org\/{rel}","templated":true}]}}