{"id":63148,"date":"2026-01-08T18:40:55","date_gmt":"2026-01-08T17:40:55","guid":{"rendered":"https:\/\/www.libraria-occitana.org\/?post_type=product&#038;p=63148"},"modified":"2026-04-29T10:45:56","modified_gmt":"2026-04-29T08:45:56","slug":"faridondeta-revira-te-faridondaine-revire-toi-jocs-cantats-rodas-coblets-de-dancar-jeux-chantes-rondes-couplets-a-danser","status":"publish","type":"product","link":"https:\/\/www.libraria-occitana.org\/oc\/produch\/faridondeta-revira-te-faridondaine-revire-toi-jocs-cantats-rodas-coblets-de-dancar-jeux-chantes-rondes-couplets-a-danser\/","title":{"rendered":"Faridondeta revira-te &#8211; Faridondaine revire-toi : J\u00f2cs cantats, r\u00f2das, coblets de dan\u00e7ar &#8211; Jeux chant\u00e9s, rondes, couplets \u00e0 danser"},"content":{"rendered":"<p>\u00ab\u2009Un r\u00e9pertoire vivant pour transmettre la langue occitane.\u2009\u00bb<\/p>\n<p>D\u00e9couvrez un vaste r\u00e9pertoire occitan de jeux, chants et danses, destin\u00e9 aux enfants de 3 \u00e0 10 ans. Ce livre propose 107 jeux chant\u00e9s avec partitions musicales, pour transmettre de fa\u00e7on ludique une culture riche et injustement d\u00e9laiss\u00e9e. \u00c0 travers le rythme, la m\u00e9lodie et le mouvement, les enfants explorent l\u2019h\u00e9ritage occitan tout en s\u2019amusant.<\/p>\n<p>Dans les cours de r\u00e9cr\u00e9ation, les enfants \u00e9changent encore de nos jours tout un savoir qu&#8217;ils se transmettent sans l&#8217;intervention des adultes : formulettes, jeux, rondes, etc., pr\u00e9sentant une tr\u00e8s grande diversit\u00e9 et fluctuabilit\u00e9.<br \/>\nLa transmission vivante des jeux chant\u00e9s ou psalmodi\u00e9s, accompagn\u00e9s de gestes et de d\u00e9ambulations, subsiste \u00e0 des degr\u00e9s divers en domaine fran\u00e7ais. Si l&#8217;usage du jeu chant\u00e9 en occitan s&#8217;est \u00e9teint, selon des facteurs variables, avec la disparition de la langue dans la vie quotidienne, l&#8217;extraordinaire effort du mouvement culturel occitan contemporain marque un renouveau. L&#8217;objectif de ce recueil, qui s&#8217;adresse \u00e0 un jeune public de 3 \u00e0 10 ans environ est de permettre \u00e0 des enfants qui ne font pas d&#8217;occitan, de leur en donner cependant une petite connaissance par le moyen facile du jeu, du rythme et de la m\u00e9lodie.<br \/>\nCe recueil donne \u00e0 conna\u00eetre un vaste r\u00e9pertoire \u2013 107 jeux chant\u00e9s et leurs partitions musicales \u2013 de ce savoir occitan perdu, et aide dans la volont\u00e9 de transmettre cette culture.<br \/>\nCe recueil pr\u00e9sente au n\u00e9ophyte, occitan ou non, du parent \u00e0 l\u2019animateur jeunesse, au chercheur, voire \u00e0 l&#8217;ethnologue, un r\u00e9pertoire qu&#8217;il conna\u00eet mal et dont il d\u00e9couvrira les richesses inou\u00efes.<\/p>\n","protected":false},"excerpt":{"rendered":"<p>\u00ab\u2009Un r\u00e9pertoire vivant pour transmettre la langue occitane.\u2009\u00bb D\u00e9couvrez un vaste r\u00e9pertoire occitan de jeux, chants et danses, destin\u00e9 aux enfants de 3 \u00e0 10 ans. Ce livre propose 107 jeux chant\u00e9s avec partitions musicales, pour transmettre de fa\u00e7on ludique une culture riche et injustement d\u00e9laiss\u00e9e. \u00c0 travers le rythme, la m\u00e9lodie et le mouvement, [&hellip;]<\/p>\n","protected":false},"featured_media":63160,"template":"","meta":{"_acf_changed":false,"_genesis_hide_title":false,"_genesis_hide_breadcrumbs":false,"_genesis_hide_singular_image":false,"_genesis_hide_footer_widgets":false,"_genesis_custom_body_class":"","_genesis_custom_post_class":"","_genesis_layout":""},"product_brand":[],"product_cat":[7137,7171,7145,7165,7133],"product_tag":[],"class_list":{"0":"post-63148","1":"product","2":"type-product","3":"status-publish","4":"has-post-thumbnail","6":"product_cat-diccionaris-lenga-escolar-oc","7":"product_cat-drolles-oc","8":"product_cat-escolar-pedagogia-oc","9":"product_cat-jounessa-bd-umor","10":"product_cat-libres-oc","11":"pa_auteur-gauzit-eliane-oc","12":"pa_editeur-vent-terral-oc","13":"pa_langue-francais-oc","14":"pa_langue-occitan-oc","15":"pa_langue-occitan-auvernhat-oc","16":"pa_langue-occitan-gascon-oc","17":"pa_langue-occitan-lemosin-oc","18":"pa_langue-occitan-lengadocian-oc","19":"pa_langue-occitan-provencau-oc","20":"pa_langue-occitan-vivaroaupenc-oc","21":"entry","23":"first","24":"instock","25":"shipping-taxable","26":"purchasable","27":"product-type-simple"},"acf":[],"_links":{"self":[{"href":"https:\/\/www.libraria-occitana.org\/oc\/wp-json\/wp\/v2\/product\/63148","targetHints":{"allow":["GET"]}}],"collection":[{"href":"https:\/\/www.libraria-occitana.org\/oc\/wp-json\/wp\/v2\/product"}],"about":[{"href":"https:\/\/www.libraria-occitana.org\/oc\/wp-json\/wp\/v2\/types\/product"}],"wp:featuredmedia":[{"embeddable":true,"href":"https:\/\/www.libraria-occitana.org\/oc\/wp-json\/wp\/v2\/media\/63160"}],"wp:attachment":[{"href":"https:\/\/www.libraria-occitana.org\/oc\/wp-json\/wp\/v2\/media?parent=63148"}],"wp:term":[{"taxonomy":"product_brand","embeddable":true,"href":"https:\/\/www.libraria-occitana.org\/oc\/wp-json\/wp\/v2\/product_brand?post=63148"},{"taxonomy":"product_cat","embeddable":true,"href":"https:\/\/www.libraria-occitana.org\/oc\/wp-json\/wp\/v2\/product_cat?post=63148"},{"taxonomy":"product_tag","embeddable":true,"href":"https:\/\/www.libraria-occitana.org\/oc\/wp-json\/wp\/v2\/product_tag?post=63148"}],"curies":[{"name":"wp","href":"https:\/\/api.w.org\/{rel}","templated":true}]}}