{"id":63157,"date":"2026-01-08T18:48:35","date_gmt":"2026-01-08T17:48:35","guid":{"rendered":"https:\/\/www.libraria-occitana.org\/?post_type=product&#038;p=63157"},"modified":"2026-04-16T20:37:05","modified_gmt":"2026-04-16T18:37:05","slug":"les-cathares-ennemis-de-linterieur","status":"publish","type":"product","link":"https:\/\/www.libraria-occitana.org\/oc\/produch\/les-cathares-ennemis-de-linterieur\/","title":{"rendered":"Les cathares, ennemis de l&#8217;int\u00e9rieur"},"content":{"rendered":"<p>Des h\u00e9r\u00e9tiques les plus c\u00e9l\u00e8bres du Moyen \u00c2ge, il ne reste rien, sauf les ch\u00e2teaux qu\u2019on leur attribue \u00e0 tort. Nous ne les connaissons qu\u2019au travers de ce qu\u2019en ont dit leurs d\u00e9tracteurs et leurs pers\u00e9cuteurs. Si ces \u00e9crits ne nous donnent aucun acc\u00e8s direct \u00e0 la parole des cathares, ils r\u00e9v\u00e8lent en revanche une construction savante de l\u2019ennemi, mise au service de la propagande pontificale et d\u2019une croisade int\u00e9rieure perp\u00e9tuellement renouvel\u00e9e. Car les cathares ont bel et bien \u00e9t\u00e9 combattus avec \u00e2pret\u00e9 par l\u2019\u00c9glise, parfois en collaboration avec les appareils d\u2019\u00c9tat monarchiques, qui en firent un banc d\u2019essai de leur souverainet\u00e9.<\/p>\n<p>Huit si\u00e8cles aujourd\u2019hui nous s\u00e9parent de ces dissidents \u00e0 qui l\u2019on a longtemps pr\u00eat\u00e9 une religion ancienne venue d\u2019Orient, mais qui, en r\u00e9alit\u00e9, supportaient de plus en plus mal le joug d\u2019une \u00c9glise toute-puissante et corrompue. Huit si\u00e8cles de mythes, de falsifications, de r\u00e9cup\u00e9rations que ce livre d\u00e9joue pour mieux rendre justice \u00e0 ces milliers d\u2019hommes et de femmes qui, du c\u00f4t\u00e9 de Milan, Lyon, Toulouse ou Cologne, se trouv\u00e8rent pris dans les mailles du filet de l\u2019\u00c9glise et de l\u2019\u00c9tat.<\/p>\n","protected":false},"excerpt":{"rendered":"<p>Des h\u00e9r\u00e9tiques les plus c\u00e9l\u00e8bres du Moyen \u00c2ge, il ne reste rien, sauf les ch\u00e2teaux qu\u2019on leur attribue \u00e0 tort. Nous ne les connaissons qu\u2019au travers de ce qu\u2019en ont dit leurs d\u00e9tracteurs et leurs pers\u00e9cuteurs. Si ces \u00e9crits ne nous donnent aucun acc\u00e8s direct \u00e0 la parole des cathares, ils r\u00e9v\u00e8lent en revanche une [&hellip;]<\/p>\n","protected":false},"featured_media":63155,"template":"","meta":{"_acf_changed":false,"_genesis_hide_title":false,"_genesis_hide_breadcrumbs":false,"_genesis_hide_singular_image":false,"_genesis_hide_footer_widgets":false,"_genesis_custom_body_class":"","_genesis_custom_post_class":"","_genesis_layout":""},"product_brand":[],"product_cat":[7161,7149,7133],"product_tag":[],"class_list":{"0":"post-63157","1":"product","2":"type-product","3":"status-publish","4":"has-post-thumbnail","6":"product_cat-istoria-medievala-oc","7":"product_cat-istoria-geografia-oc","8":"product_cat-libres-oc","9":"pa_editeur-la-fabrique-fr-oc","10":"pa_langue-francais-oc","11":"entry","13":"first","14":"outofstock","15":"shipping-taxable","16":"purchasable","17":"product-type-simple"},"acf":[],"_links":{"self":[{"href":"https:\/\/www.libraria-occitana.org\/oc\/wp-json\/wp\/v2\/product\/63157","targetHints":{"allow":["GET"]}}],"collection":[{"href":"https:\/\/www.libraria-occitana.org\/oc\/wp-json\/wp\/v2\/product"}],"about":[{"href":"https:\/\/www.libraria-occitana.org\/oc\/wp-json\/wp\/v2\/types\/product"}],"wp:featuredmedia":[{"embeddable":true,"href":"https:\/\/www.libraria-occitana.org\/oc\/wp-json\/wp\/v2\/media\/63155"}],"wp:attachment":[{"href":"https:\/\/www.libraria-occitana.org\/oc\/wp-json\/wp\/v2\/media?parent=63157"}],"wp:term":[{"taxonomy":"product_brand","embeddable":true,"href":"https:\/\/www.libraria-occitana.org\/oc\/wp-json\/wp\/v2\/product_brand?post=63157"},{"taxonomy":"product_cat","embeddable":true,"href":"https:\/\/www.libraria-occitana.org\/oc\/wp-json\/wp\/v2\/product_cat?post=63157"},{"taxonomy":"product_tag","embeddable":true,"href":"https:\/\/www.libraria-occitana.org\/oc\/wp-json\/wp\/v2\/product_tag?post=63157"}],"curies":[{"name":"wp","href":"https:\/\/api.w.org\/{rel}","templated":true}]}}