{"id":63228,"date":"2026-02-03T09:37:05","date_gmt":"2026-02-03T08:37:05","guid":{"rendered":"https:\/\/www.libraria-occitana.org\/?post_type=product&#038;p=63228"},"modified":"2026-04-29T05:01:23","modified_gmt":"2026-04-29T03:01:23","slug":"paraulas-de-novelum-n-190","status":"publish","type":"product","link":"https:\/\/www.libraria-occitana.org\/oc\/produch\/paraulas-de-novelum-n-190\/","title":{"rendered":"Paraulas de Novelum N\u00b0 190"},"content":{"rendered":"<p>Bon de saber : Parla ta lenga 2026<\/p>\n<p>Autors en erba :<\/p>\n<p>Los calandrons escriven : Faustine &#8211; Rapha\u00eblle &#8211; Elior<\/p>\n<p>Dins los talhiers de lenga :<\/p>\n<p>Corina Guichard, Lo museum Laperouse a-z-Albi<\/p>\n<p>Talhier de conversacion occitana de l&#8217;UOCC, Elena Remazeilles-Guibbert, una vita de resistanta (1)&#8230;<\/p>\n<p>Jan-Peire Reidi, Los sabents e los cresents<\/p>\n<p>Joan-Lo\u00eds Orazio, Pond dels u\u00f2us lo ginkg\u00f2 ?<\/p>\n<p>Joan Rigosta, Toponimia : Al fu\u00f2c !<\/p>\n<p>Janina Bachelari\u00e1, L&#8217;esbadalh\u00f2u<\/p>\n<p>Monica Sarrasin, Lo Borg modernizat (2)<\/p>\n<p>Benedicta Bonnet, Poemas per lo temps d&#8217;ivern<\/p>\n","protected":false},"excerpt":{"rendered":"<p>Bon de saber : Parla ta lenga 2026 Autors en erba : Los calandrons escriven : Faustine &#8211; Rapha\u00eblle &#8211; Elior Dins los talhiers de lenga : Corina Guichard, Lo museum Laperouse a-z-Albi Talhier de conversacion occitana de l&#8217;UOCC, Elena Remazeilles-Guibbert, una vita de resistanta (1)&#8230; Jan-Peire Reidi, Los sabents e los cresents Joan-Lo\u00eds Orazio, [&hellip;]<\/p>\n","protected":false},"featured_media":63231,"template":"","meta":{"_acf_changed":false,"_genesis_hide_title":false,"_genesis_hide_breadcrumbs":false,"_genesis_hide_singular_image":false,"_genesis_hide_footer_widgets":false,"_genesis_custom_body_class":"","_genesis_custom_post_class":"","_genesis_layout":""},"product_brand":[],"product_cat":[7149,7133,7175,7163,7181,7183],"product_tag":[],"class_list":{"0":"post-63228","1":"product","2":"type-product","3":"status-publish","4":"has-post-thumbnail","6":"product_cat-istoria-geografia-oc","7":"product_cat-libres-oc","8":"product_cat-literatura-oc","9":"product_cat-noms-de-luocs-noms-de-personas-oc","10":"product_cat-poesia-oc","11":"product_cat-romans-novelas-oc","12":"pa_auteur-collectiu-oc-2","13":"pa_editeur-ieo-perigord-novelum-oc","14":"pa_langue-occitan-oc","15":"pa_langue-occitan-lemosin-oc","16":"entry","18":"first","19":"instock","20":"shipping-taxable","21":"purchasable","22":"product-type-simple"},"acf":[],"_links":{"self":[{"href":"https:\/\/www.libraria-occitana.org\/oc\/wp-json\/wp\/v2\/product\/63228","targetHints":{"allow":["GET"]}}],"collection":[{"href":"https:\/\/www.libraria-occitana.org\/oc\/wp-json\/wp\/v2\/product"}],"about":[{"href":"https:\/\/www.libraria-occitana.org\/oc\/wp-json\/wp\/v2\/types\/product"}],"wp:featuredmedia":[{"embeddable":true,"href":"https:\/\/www.libraria-occitana.org\/oc\/wp-json\/wp\/v2\/media\/63231"}],"wp:attachment":[{"href":"https:\/\/www.libraria-occitana.org\/oc\/wp-json\/wp\/v2\/media?parent=63228"}],"wp:term":[{"taxonomy":"product_brand","embeddable":true,"href":"https:\/\/www.libraria-occitana.org\/oc\/wp-json\/wp\/v2\/product_brand?post=63228"},{"taxonomy":"product_cat","embeddable":true,"href":"https:\/\/www.libraria-occitana.org\/oc\/wp-json\/wp\/v2\/product_cat?post=63228"},{"taxonomy":"product_tag","embeddable":true,"href":"https:\/\/www.libraria-occitana.org\/oc\/wp-json\/wp\/v2\/product_tag?post=63228"}],"curies":[{"name":"wp","href":"https:\/\/api.w.org\/{rel}","templated":true}]}}