{"id":63267,"date":"2024-12-12T18:46:33","date_gmt":"2024-12-12T17:46:33","guid":{"rendered":"https:\/\/www.libraria-occitana.org\/?post_type=product&#038;p=63267"},"modified":"2026-04-29T10:22:39","modified_gmt":"2026-04-29T08:22:39","slug":"ercules-liniciat-2","status":"publish","type":"product","link":"https:\/\/www.libraria-occitana.org\/oc\/produch\/ercules-liniciat-2\/","title":{"rendered":"Ercules l&#8217;iniciat"},"content":{"rendered":"<p>Los dotze trabalhs d'Ercules son de proesas d'ensenhaments. Es \u00e7\u00f2 que volgu\u00e8t retrobar l'autora, Anne-Pierre Darr\u00e9es. Contar las aventuras e tanben legir los simb\u00f2ls que permetr\u00e0n a l'er\u00f2i de venir un \u00f2me, de v\u00e9ncer l'animalitat, los vicis, d'alargar sa consci\u00e9ncia.<\/p>\n","protected":false},"excerpt":{"rendered":"<p>Los dotze trabalhs d&#8217;Ercules son de proesas d&#8217;ensenhaments. Es \u00e7\u00f2 que volgu\u00e8t retrobar l&#8217;autora, Anne-Pierre Darr\u00e9es. Contar las aventuras e tanben legir los simb\u00f2ls que permetr\u00e0n a l&#8217;er\u00f2i de venir un \u00f2me, de v\u00e9ncer l&#8217;animalitat, los vicis, d&#8217;alargar sa consci\u00e9ncia.<\/p>\n","protected":false},"featured_media":63270,"template":"","meta":{"_acf_changed":false,"_genesis_hide_title":false,"_genesis_hide_breadcrumbs":false,"_genesis_hide_singular_image":false,"_genesis_hide_footer_widgets":false,"_genesis_custom_body_class":"","_genesis_custom_post_class":"","_genesis_layout":""},"product_brand":[],"product_cat":[7167,7165,7133],"product_tag":[],"class_list":{"0":"post-63267","1":"product","2":"type-product","3":"status-publish","4":"has-post-thumbnail","6":"product_cat-ados-oc","7":"product_cat-jounessa-bd-umor","8":"product_cat-libres-oc","9":"pa_auteur-darrees-anne-pierre-oc","10":"pa_editeur-reclams-oc","11":"pa_illustrateur-fraj-eric-1-oc","12":"pa_langue-occitan-lengadocian-oc","13":"pa_langue-occitan-francais-oc","14":"entry","16":"first","17":"instock","18":"shipping-taxable","19":"purchasable","20":"product-type-simple"},"acf":[],"_links":{"self":[{"href":"https:\/\/www.libraria-occitana.org\/oc\/wp-json\/wp\/v2\/product\/63267","targetHints":{"allow":["GET"]}}],"collection":[{"href":"https:\/\/www.libraria-occitana.org\/oc\/wp-json\/wp\/v2\/product"}],"about":[{"href":"https:\/\/www.libraria-occitana.org\/oc\/wp-json\/wp\/v2\/types\/product"}],"wp:featuredmedia":[{"embeddable":true,"href":"https:\/\/www.libraria-occitana.org\/oc\/wp-json\/wp\/v2\/media\/63270"}],"wp:attachment":[{"href":"https:\/\/www.libraria-occitana.org\/oc\/wp-json\/wp\/v2\/media?parent=63267"}],"wp:term":[{"taxonomy":"product_brand","embeddable":true,"href":"https:\/\/www.libraria-occitana.org\/oc\/wp-json\/wp\/v2\/product_brand?post=63267"},{"taxonomy":"product_cat","embeddable":true,"href":"https:\/\/www.libraria-occitana.org\/oc\/wp-json\/wp\/v2\/product_cat?post=63267"},{"taxonomy":"product_tag","embeddable":true,"href":"https:\/\/www.libraria-occitana.org\/oc\/wp-json\/wp\/v2\/product_tag?post=63267"}],"curies":[{"name":"wp","href":"https:\/\/api.w.org\/{rel}","templated":true}]}}