{"id":63304,"date":"2026-02-12T11:23:08","date_gmt":"2026-02-12T10:23:08","guid":{"rendered":"https:\/\/www.libraria-occitana.org\/?post_type=product&#038;p=63304"},"modified":"2026-04-29T10:29:34","modified_gmt":"2026-04-29T08:29:34","slug":"deodat-de-severac-un-musicien-occitan-entre-regionalisme-et-modernite","status":"publish","type":"product","link":"https:\/\/www.libraria-occitana.org\/oc\/produch\/deodat-de-severac-un-musicien-occitan-entre-regionalisme-et-modernite\/","title":{"rendered":"D\u00e9odat de S\u00e9verac : Un musicien occitan entre r\u00e9gionalisme et modernit\u00e9"},"content":{"rendered":"<p>D\u00e9odat de S\u00e9verac, figure majeure de la Belle \u00c9poque, se distingue non seulement comme un compositeur d\u2019exception, mais aussi comme l\u2019une des figures les plus embl\u00e9matiques du r\u00e9gionalisme musical fran\u00e7ais. Profond\u00e9ment ancr\u00e9 dans les courants musicaux de son \u00e9poque, il jette un pont entre modernit\u00e9 et tradition. \u00c0 l\u2019occasion du centenaire de sa mort, l\u2019acquisition par la Biblioth\u00e8que d\u2019\u00e9tude et du patrimoine de Toulouse du Fonds D\u00e9odat de S\u00e9verac \u2013 un ensemble pr\u00e9cieux de manuscrits, partitions et correspondances \u2013 constitue une occasion in\u00e9dite de red\u00e9couvrir cet artiste aux multiples facettes. Ce fonds, qui couvre presque l\u2019int\u00e9gralit\u00e9 de son \u0153uvre et une part essentielle de ses \u00e9changes \u00e9pistolaires, ouvre la voie \u00e0 une r\u00e9\u00e9valuation approfondie de son h\u00e9ritage.<\/p>\n<p>Ce livre s\u2019inscrit pleinement dans cette dynamique de red\u00e9couverte. Il explore le processus cr\u00e9atif de D\u00e9odat de S\u00e9verac, des premi\u00e8res esquisses \u00e0 ses partitions finalis\u00e9es, tout en \u00e9clairant les tensions entre son d\u00e9sir de modernit\u00e9 et son engagement r\u00e9gionaliste. Ces deux aspirations, affirm\u00e9es par certains de ses contemporains comme B\u00e9la Bart\u00f3k, ont cependant \u00e9t\u00e9 contest\u00e9es par d\u2019autres, tels qu\u2019Arnold Sch\u00f6nberg. L\u2019ouvrage s\u2019int\u00e9resse \u00e9galement \u00e0 la relation complexe entre la cr\u00e9ation de D\u00e9odat de S\u00e9verac et le contexte culturel qui l\u2019a fa\u00e7onn\u00e9e, qu\u2019il soit national, r\u00e9gional ou local, tout en offrant une perspective interdisciplinaire sur l\u2019ensemble de son \u0153uvre.<\/p>\n","protected":false},"excerpt":{"rendered":"<p>D\u00e9odat de S\u00e9verac, figure majeure de la Belle \u00c9poque, se distingue non seulement comme un compositeur d\u2019exception, mais aussi comme l\u2019une des figures les plus embl\u00e9matiques du r\u00e9gionalisme musical fran\u00e7ais. Profond\u00e9ment ancr\u00e9 dans les courants musicaux de son \u00e9poque, il jette un pont entre modernit\u00e9 et tradition. \u00c0 l\u2019occasion du centenaire de sa mort, l\u2019acquisition [&hellip;]<\/p>\n","protected":false},"featured_media":63302,"template":"","meta":{"_acf_changed":false,"_genesis_hide_title":false,"_genesis_hide_breadcrumbs":false,"_genesis_hide_singular_image":false,"_genesis_hide_footer_widgets":false,"_genesis_custom_body_class":"","_genesis_custom_post_class":"","_genesis_layout":""},"product_brand":[],"product_cat":[7195,7133,7191],"product_tag":[],"class_list":{"0":"post-63304","1":"product","2":"type-product","3":"status-publish","4":"has-post-thumbnail","6":"product_cat-estudis-oc","7":"product_cat-libres-oc","8":"product_cat-musica-danca-oc","9":"pa_auteur-collectiu-oc-2","10":"pa_editeur-pu-du-midi-oc","11":"pa_langue-francais-oc","12":"entry","14":"first","15":"instock","16":"featured","17":"shipping-taxable","18":"purchasable","19":"product-type-simple"},"acf":[],"_links":{"self":[{"href":"https:\/\/www.libraria-occitana.org\/oc\/wp-json\/wp\/v2\/product\/63304","targetHints":{"allow":["GET"]}}],"collection":[{"href":"https:\/\/www.libraria-occitana.org\/oc\/wp-json\/wp\/v2\/product"}],"about":[{"href":"https:\/\/www.libraria-occitana.org\/oc\/wp-json\/wp\/v2\/types\/product"}],"wp:featuredmedia":[{"embeddable":true,"href":"https:\/\/www.libraria-occitana.org\/oc\/wp-json\/wp\/v2\/media\/63302"}],"wp:attachment":[{"href":"https:\/\/www.libraria-occitana.org\/oc\/wp-json\/wp\/v2\/media?parent=63304"}],"wp:term":[{"taxonomy":"product_brand","embeddable":true,"href":"https:\/\/www.libraria-occitana.org\/oc\/wp-json\/wp\/v2\/product_brand?post=63304"},{"taxonomy":"product_cat","embeddable":true,"href":"https:\/\/www.libraria-occitana.org\/oc\/wp-json\/wp\/v2\/product_cat?post=63304"},{"taxonomy":"product_tag","embeddable":true,"href":"https:\/\/www.libraria-occitana.org\/oc\/wp-json\/wp\/v2\/product_tag?post=63304"}],"curies":[{"name":"wp","href":"https:\/\/api.w.org\/{rel}","templated":true}]}}