{"id":63318,"date":"2026-02-12T11:48:18","date_gmt":"2026-02-12T10:48:18","guid":{"rendered":"https:\/\/www.libraria-occitana.org\/?post_type=product&#038;p=63318"},"modified":"2026-04-29T06:37:02","modified_gmt":"2026-04-29T04:37:02","slug":"adotz-sources","status":"publish","type":"product","link":"https:\/\/www.libraria-occitana.org\/oc\/produch\/adotz-sources\/","title":{"rendered":"Adotz &#8211; Sources"},"content":{"rendered":"<blockquote><p>Au rescontre deis aigav\u00e8rs<br \/>\nLa man au raj\u00f2u de l'adotz,<br \/>\nAgachi lo po\u00e8ma dins lo bach\u00e0s<br \/>\nQue s'esposca e renais<br \/>\nDau gisclar de l'eissor fresc.<\/p><\/blockquote>\n<p>Caminar es una pulsion creatritz que congr\u00e8a d'\u00f2bras d'art efem\u00e8ras. Los passes tra\u00e7an dins l'espaci de frasas aitanl\u00e8u escafadas. Escorreguda facha, lo caminaire espr\u00f2va lo besonh de las gardar dins sa mementa, de colcar sul papi\u00e8r (o tot autre sup\u00f2rt) tant de sensacions, id\u00e8as, pantaissadas e pa\u00efsatges que senon s'esvaniri\u00e1n dins l'oblit. Aqu\u00f2's \u00e7\u00f2 que fa Silvan Chabaud. Aquel grand caminaire montanh\u00f2l nos manda de cartas postalas de sos meravilhaments jos la f\u00f2rma de po\u00e8mas esbleugits e meditatius. Percorr\u00e8m amb el sas cimas e lu\u00f2cs d'eleccion : Ubaia Nauta (Paroart, Brec de Rubren), Piren\u00e8us (Canig\u00f3, Cambra d'Ase, Arcozan, los Estanh\u00f3s), Corsega (Tavignanu, Pinatellu), rius del mond (de Salagon, Vis e L\u00e8rga a Bidassoa e Sant Lauren\u00e7). Cada lu\u00f2c descob\u00e8rt es la font d'una meditacion urosa, una \u00ab adotz \u00bb, coma se'n tr\u00f2ba tant dins n\u00f2stra toponimia. Adotz d'aiga e de poesia.<\/p>\n<p>Mas cada rescontre es tanben una descob\u00e8rta de l'autre, una estapa de l'exist\u00e9ncia, coma los grands recampaments memorials e politics : sul Larzac en 2023 pels cinquanta ans de la F\u00e8sta, sus l'autorota amb la CGT de Clarmont d'Erau, sus un empont amb lo <em>sound system<\/em> brancat. <em>Adotz<\/em> es un quas\u00e8rn de viatge meravilhat suls camins de montanha e autras dralhas de vida.<\/p>\n","protected":false},"excerpt":{"rendered":"<p>Au rescontre deis aigav\u00e8rs La man au raj\u00f2u de l&#8217;adotz, Agachi lo po\u00e8ma dins lo bach\u00e0s Que s&#8217;esposca e renais Dau gisclar de l&#8217;eissor fresc. Caminar es una pulsion creatritz que congr\u00e8a d&#8217;\u00f2bras d&#8217;art efem\u00e8ras. Los passes tra\u00e7an dins l&#8217;espaci de frasas aitanl\u00e8u escafadas. Escorreguda facha, lo caminaire espr\u00f2va lo besonh de las gardar dins [&hellip;]<\/p>\n","protected":false},"featured_media":63321,"template":"","meta":{"_acf_changed":false,"_genesis_hide_title":false,"_genesis_hide_breadcrumbs":false,"_genesis_hide_singular_image":false,"_genesis_hide_footer_widgets":false,"_genesis_custom_body_class":"","_genesis_custom_post_class":"","_genesis_layout":""},"product_brand":[],"product_cat":[7133,7175,7181],"product_tag":[],"class_list":{"0":"post-63318","1":"product","2":"type-product","3":"status-publish","4":"has-post-thumbnail","6":"product_cat-libres-oc","7":"product_cat-literatura-oc","8":"product_cat-poesia-oc","9":"pa_auteur-chabaud-silvan-chabaud-sylvan-oc","10":"pa_editeur-jorn-oc","11":"pa_illustrateur-foret-jean-claude-oc","12":"pa_langue-occitan-provencau-oc","13":"pa_langue-occitan-francais-oc","14":"entry","16":"first","17":"instock","18":"shipping-taxable","19":"purchasable","20":"product-type-simple"},"acf":[],"_links":{"self":[{"href":"https:\/\/www.libraria-occitana.org\/oc\/wp-json\/wp\/v2\/product\/63318","targetHints":{"allow":["GET"]}}],"collection":[{"href":"https:\/\/www.libraria-occitana.org\/oc\/wp-json\/wp\/v2\/product"}],"about":[{"href":"https:\/\/www.libraria-occitana.org\/oc\/wp-json\/wp\/v2\/types\/product"}],"wp:featuredmedia":[{"embeddable":true,"href":"https:\/\/www.libraria-occitana.org\/oc\/wp-json\/wp\/v2\/media\/63321"}],"wp:attachment":[{"href":"https:\/\/www.libraria-occitana.org\/oc\/wp-json\/wp\/v2\/media?parent=63318"}],"wp:term":[{"taxonomy":"product_brand","embeddable":true,"href":"https:\/\/www.libraria-occitana.org\/oc\/wp-json\/wp\/v2\/product_brand?post=63318"},{"taxonomy":"product_cat","embeddable":true,"href":"https:\/\/www.libraria-occitana.org\/oc\/wp-json\/wp\/v2\/product_cat?post=63318"},{"taxonomy":"product_tag","embeddable":true,"href":"https:\/\/www.libraria-occitana.org\/oc\/wp-json\/wp\/v2\/product_tag?post=63318"}],"curies":[{"name":"wp","href":"https:\/\/api.w.org\/{rel}","templated":true}]}}