{"id":63325,"date":"2026-02-12T12:11:10","date_gmt":"2026-02-12T11:11:10","guid":{"rendered":"https:\/\/www.libraria-occitana.org\/?post_type=product&#038;p=63325"},"modified":"2026-04-29T10:51:18","modified_gmt":"2026-04-29T08:51:18","slug":"daunina-rosin","status":"publish","type":"product","link":"https:\/\/www.libraria-occitana.org\/oc\/produch\/daunina-rosin\/","title":{"rendered":"Daunina &#038; Rosin"},"content":{"rendered":"<p>De cap a 1913, un roman biarn\u00e9s, <em>Daunina e Rosin<\/em>, que puntejava dens lo jornalet <em>La Bouts de la terre<\/em>.<\/p>\n<p>Lo joen autor, Joan de Hustaish, qu\u2019ei de Vitenh, au ras de Sauvat\u00e8rra ; los sons pair e mair, bord\u00e8rs de Lacoarret, que\u2019u hen estudiar t\u00e0 regent. Nomat a Ip\u00f2na en Argeria, que comenc\u00e8 d\u2019escr\u00edver e que devieng\u00f3 deus mei valents ajudaires deu nav\u00e8th jornalet. A la gu\u00e8rra, que he lo son dever com brancardi\u00e8r e, com ne tornava, qu\u2019\u00e8ra recebut inspector primari, puish que passava director d\u2019Esc\u00f2la normala.<\/p>\n<p>Qu\u2019a signat enq\u00fc\u00e8ra las pajas truf\u00e8cas e ironics deu son <em>Viatge a la lua<\/em>.<\/p>\n<p>Mes la soa \u00f2bra de consequ\u00e9ncia qu\u2019ei com ac dis\u00e8m ad\u00e8s <em>Daunina e Rosin<\/em>. Roman publicat dens <em>La Bouts de la terre<\/em>, puish dens los <em>Reclams<\/em> (1926) qu\u2019ei un rosari d\u2019amor qui\u2019s desglara enter dus gojat\u00f2ts : Rosin vailet e Daunina hilha de la maison de Lavia ; lo mainat que s\u2019i amuisha viu com l\u2019eslambrec, la n\u00e8na, la soa amiga, emparlida e badinaira.<\/p>\n<p style=\"text-align: right;\">Miqu\u00e8u de Camelat, <em>La Literature gascoune<\/em>, Pau, Marrimpouey, 1950, p. 136<\/p>\n","protected":false},"excerpt":{"rendered":"<p>De cap a 1913, un roman biarn\u00e9s, Daunina e Rosin, que puntejava dens lo jornalet La Bouts de la terre. Lo joen autor, Joan de Hustaish, qu\u2019ei de Vitenh, au ras de Sauvat\u00e8rra ; los sons pair e mair, bord\u00e8rs de Lacoarret, que\u2019u hen estudiar t\u00e0 regent. Nomat a Ip\u00f2na en Argeria, que comenc\u00e8 d\u2019escr\u00edver [&hellip;]<\/p>\n","protected":false},"featured_media":63328,"template":"","meta":{"_acf_changed":false,"_genesis_hide_title":false,"_genesis_hide_breadcrumbs":false,"_genesis_hide_singular_image":false,"_genesis_hide_footer_widgets":false,"_genesis_custom_body_class":"","_genesis_custom_post_class":"","_genesis_layout":""},"product_brand":[],"product_cat":[7133,7175,7183],"product_tag":[],"class_list":{"0":"post-63325","1":"product","2":"type-product","3":"status-publish","4":"has-post-thumbnail","6":"product_cat-libres-oc","7":"product_cat-literatura-oc","8":"product_cat-romans-novelas-oc","9":"pa_editeur-per-noste-oc","10":"pa_langue-occitan-oc","11":"pa_langue-occitan-gascon-oc","12":"entry","14":"first","15":"instock","16":"shipping-taxable","17":"purchasable","18":"product-type-simple"},"acf":[],"_links":{"self":[{"href":"https:\/\/www.libraria-occitana.org\/oc\/wp-json\/wp\/v2\/product\/63325","targetHints":{"allow":["GET"]}}],"collection":[{"href":"https:\/\/www.libraria-occitana.org\/oc\/wp-json\/wp\/v2\/product"}],"about":[{"href":"https:\/\/www.libraria-occitana.org\/oc\/wp-json\/wp\/v2\/types\/product"}],"wp:featuredmedia":[{"embeddable":true,"href":"https:\/\/www.libraria-occitana.org\/oc\/wp-json\/wp\/v2\/media\/63328"}],"wp:attachment":[{"href":"https:\/\/www.libraria-occitana.org\/oc\/wp-json\/wp\/v2\/media?parent=63325"}],"wp:term":[{"taxonomy":"product_brand","embeddable":true,"href":"https:\/\/www.libraria-occitana.org\/oc\/wp-json\/wp\/v2\/product_brand?post=63325"},{"taxonomy":"product_cat","embeddable":true,"href":"https:\/\/www.libraria-occitana.org\/oc\/wp-json\/wp\/v2\/product_cat?post=63325"},{"taxonomy":"product_tag","embeddable":true,"href":"https:\/\/www.libraria-occitana.org\/oc\/wp-json\/wp\/v2\/product_tag?post=63325"}],"curies":[{"name":"wp","href":"https:\/\/api.w.org\/{rel}","templated":true}]}}