{"id":63345,"date":"2026-02-12T15:06:48","date_gmt":"2026-02-12T14:06:48","guid":{"rendered":"https:\/\/www.libraria-occitana.org\/?post_type=product&#038;p=63345"},"modified":"2026-04-29T10:25:13","modified_gmt":"2026-04-29T08:25:13","slug":"la-chapelle-des-chauveix-a-vicq-sur-breuilh-et-sa-peinture-murale-de-roch-popelier","status":"publish","type":"product","link":"https:\/\/www.libraria-occitana.org\/oc\/produch\/la-chapelle-des-chauveix-a-vicq-sur-breuilh-et-sa-peinture-murale-de-roch-popelier\/","title":{"rendered":"La Chapelle des Chauveix \u00e0 Vicq-sur-Breuilh et sa peinture murale de Roch Popelier"},"content":{"rendered":"<p>La Chapelle Notre-Dame des Chauveix, situ\u00e9e \u00e0 l&#8217;entr\u00e9e de Vicq-sur-Breuilh, abrite une grande peinture murale r\u00e9alis\u00e9e par Roch Popelier entre 2005 et 2008. Cette \u0153uvre raconte la vie de Saint Fran\u00e7ois d&#8217;Assise. Elle est aussi une ode \u00e0 la nature limousine. Cet ouvrage collectif revient sur cette aventure cr\u00e9atrice.<\/p>\n<p>En avant-propos, Christine de Neuville, maire de Vicq-sur-Breuilh, la resitue dans l&#8217;histoire de la chapelle, qui remonte au Moyen \u00c2ge. L&#8217;opus pr\u00e9sente aussi un texte de Muriel Mingau, \u00ab Trilles, gazouillis et autres notes d&#8217;espoir \u00bb, inspir\u00e9 par la peinture murale de Roch Popelier. Enfin, un portrait de cet artiste, n\u00e9 d&#8217;un entretien avec lui, donne quelques cl\u00e9s pour appr\u00e9hender cette peinture mais aussi l&#8217;ensemble de son \u0153uvre de d\u00e9corateur sur porcelaine, cartonnier pour Aubusson et peintre.<\/p>\n","protected":false},"excerpt":{"rendered":"<p>La Chapelle Notre-Dame des Chauveix, situ\u00e9e \u00e0 l&#8217;entr\u00e9e de Vicq-sur-Breuilh, abrite une grande peinture murale r\u00e9alis\u00e9e par Roch Popelier entre 2005 et 2008. Cette \u0153uvre raconte la vie de Saint Fran\u00e7ois d&#8217;Assise. Elle est aussi une ode \u00e0 la nature limousine. Cet ouvrage collectif revient sur cette aventure cr\u00e9atrice. En avant-propos, Christine de Neuville, maire [&hellip;]<\/p>\n","protected":false},"featured_media":63348,"template":"","meta":{"_acf_changed":false,"_genesis_hide_title":false,"_genesis_hide_breadcrumbs":false,"_genesis_hide_singular_image":false,"_genesis_hide_footer_widgets":false,"_genesis_custom_body_class":"","_genesis_custom_post_class":"","_genesis_layout":""},"product_brand":[],"product_cat":[7133,7215,7207],"product_tag":[],"class_list":{"0":"post-63345","1":"product","2":"type-product","3":"status-publish","4":"has-post-thumbnail","6":"product_cat-libres-oc","7":"product_cat-patrimoni-bastit-oc","8":"product_cat-tradicions-patrimoni-oc","9":"pa_auteur-mingau-muriel-oc","10":"pa_editeur-marsa-publications-oc","11":"pa_langue-francais-oc","12":"entry","14":"first","15":"instock","16":"shipping-taxable","17":"purchasable","18":"product-type-simple"},"acf":[],"_links":{"self":[{"href":"https:\/\/www.libraria-occitana.org\/oc\/wp-json\/wp\/v2\/product\/63345","targetHints":{"allow":["GET"]}}],"collection":[{"href":"https:\/\/www.libraria-occitana.org\/oc\/wp-json\/wp\/v2\/product"}],"about":[{"href":"https:\/\/www.libraria-occitana.org\/oc\/wp-json\/wp\/v2\/types\/product"}],"wp:featuredmedia":[{"embeddable":true,"href":"https:\/\/www.libraria-occitana.org\/oc\/wp-json\/wp\/v2\/media\/63348"}],"wp:attachment":[{"href":"https:\/\/www.libraria-occitana.org\/oc\/wp-json\/wp\/v2\/media?parent=63345"}],"wp:term":[{"taxonomy":"product_brand","embeddable":true,"href":"https:\/\/www.libraria-occitana.org\/oc\/wp-json\/wp\/v2\/product_brand?post=63345"},{"taxonomy":"product_cat","embeddable":true,"href":"https:\/\/www.libraria-occitana.org\/oc\/wp-json\/wp\/v2\/product_cat?post=63345"},{"taxonomy":"product_tag","embeddable":true,"href":"https:\/\/www.libraria-occitana.org\/oc\/wp-json\/wp\/v2\/product_tag?post=63345"}],"curies":[{"name":"wp","href":"https:\/\/api.w.org\/{rel}","templated":true}]}}