{"id":63358,"date":"2026-02-12T18:14:45","date_gmt":"2026-02-12T17:14:45","guid":{"rendered":"https:\/\/www.libraria-occitana.org\/?post_type=product&#038;p=63358"},"modified":"2026-04-29T10:21:41","modified_gmt":"2026-04-29T08:21:41","slug":"fermenter-presque-tout-avec-presque-rien","status":"publish","type":"product","link":"https:\/\/www.libraria-occitana.org\/oc\/produch\/fermenter-presque-tout-avec-presque-rien\/","title":{"rendered":"Fermenter presque tout avec presque rien"},"content":{"rendered":"<p><strong>Bienvenue dans le monde magique de la fermentation !<\/strong><\/p>\n<p>N&#8217;ayez crainte.<\/p>\n<p>Pas besoin d&#8217;\u00eatre chimiste ni d&#8217;avoir une cuisine sur\u00e9quip\u00e9e. Venez observer d&#8217;incroyables transformations, plongez dans un univers microscopique \u00e9poustouflant, laissez-vous surprendre par des saveurs uniques et adoptez d&#8217;\u00e9tonnants rituels.<\/p>\n<p>C&#8217;est parti !<\/p>\n<p><strong>Sommaire<\/strong><\/p>\n<p>Grands principes<\/p>\n<ul>\n<li>Petite d\u00e9finition<\/li>\n<li>Petit manifeste<\/li>\n<li>Les microbes<\/li>\n<li>Le mat\u00e9riel<\/li>\n<li>Les 5 cl\u00e9s (ingr\u00e9dients indispensables)<\/li>\n<\/ul>\n<p>&nbsp;<\/p>\n<p>Lacto-fermentation<\/p>\n<ul>\n<li>D\u00e9couverte<\/li>\n<li>Lacto-fermenter des l\u00e9gumes : en saumure, au sel, en kimchi<\/li>\n<\/ul>\n<p>&nbsp;<\/p>\n<p>Les boissons<\/p>\n<ul>\n<li>Les boissons ferment\u00e9es<\/li>\n<li>Le k\u00e9fir<\/li>\n<li>Le kombucha<\/li>\n<\/ul>\n<p>&nbsp;<\/p>\n<p>Les graines<\/p>\n<ul>\n<li>C\u00e9r\u00e9ales et l\u00e9gumineuses<\/li>\n<li>Le levain<\/li>\n<\/ul>\n<p>&nbsp;<\/p>\n<p>Conclusion<\/p>\n<ul>\n<li>Probl\u00e8mes fr\u00e9quents<\/li>\n<li>Sources<\/li>\n<\/ul>\n","protected":false},"excerpt":{"rendered":"<p>Bienvenue dans le monde magique de la fermentation ! N&#8217;ayez crainte. Pas besoin d&#8217;\u00eatre chimiste ni d&#8217;avoir une cuisine sur\u00e9quip\u00e9e. Venez observer d&#8217;incroyables transformations, plongez dans un univers microscopique \u00e9poustouflant, laissez-vous surprendre par des saveurs uniques et adoptez d&#8217;\u00e9tonnants rituels. C&#8217;est parti ! Sommaire Grands principes Petite d\u00e9finition Petit manifeste Les microbes Le mat\u00e9riel Les [&hellip;]<\/p>\n","protected":false},"featured_media":63361,"template":"","meta":{"_acf_changed":false,"_genesis_hide_title":false,"_genesis_hide_breadcrumbs":false,"_genesis_hide_singular_image":false,"_genesis_hide_footer_widgets":false,"_genesis_custom_body_class":"","_genesis_custom_post_class":"","_genesis_layout":""},"product_brand":[],"product_cat":[7211,7133,7207],"product_tag":[],"class_list":{"0":"post-63358","1":"product","2":"type-product","3":"status-publish","4":"has-post-thumbnail","6":"product_cat-cosina-gastronomia-oc","7":"product_cat-libres-oc","8":"product_cat-tradicions-patrimoni-oc","9":"pa_editeur-editions-ulmer-oc","10":"pa_langue-francais-oc","11":"entry","13":"first","14":"outofstock","15":"shipping-taxable","16":"purchasable","17":"product-type-simple"},"acf":[],"_links":{"self":[{"href":"https:\/\/www.libraria-occitana.org\/oc\/wp-json\/wp\/v2\/product\/63358","targetHints":{"allow":["GET"]}}],"collection":[{"href":"https:\/\/www.libraria-occitana.org\/oc\/wp-json\/wp\/v2\/product"}],"about":[{"href":"https:\/\/www.libraria-occitana.org\/oc\/wp-json\/wp\/v2\/types\/product"}],"wp:featuredmedia":[{"embeddable":true,"href":"https:\/\/www.libraria-occitana.org\/oc\/wp-json\/wp\/v2\/media\/63361"}],"wp:attachment":[{"href":"https:\/\/www.libraria-occitana.org\/oc\/wp-json\/wp\/v2\/media?parent=63358"}],"wp:term":[{"taxonomy":"product_brand","embeddable":true,"href":"https:\/\/www.libraria-occitana.org\/oc\/wp-json\/wp\/v2\/product_brand?post=63358"},{"taxonomy":"product_cat","embeddable":true,"href":"https:\/\/www.libraria-occitana.org\/oc\/wp-json\/wp\/v2\/product_cat?post=63358"},{"taxonomy":"product_tag","embeddable":true,"href":"https:\/\/www.libraria-occitana.org\/oc\/wp-json\/wp\/v2\/product_tag?post=63358"}],"curies":[{"name":"wp","href":"https:\/\/api.w.org\/{rel}","templated":true}]}}