{"id":63446,"date":"2026-03-11T12:17:43","date_gmt":"2026-03-11T11:17:43","guid":{"rendered":"https:\/\/www.libraria-occitana.org\/?post_type=product&#038;p=63446"},"modified":"2026-04-25T20:51:47","modified_gmt":"2026-04-25T18:51:47","slug":"noms-de-lieux-en-france-origine-et-signification","status":"publish","type":"product","link":"https:\/\/www.libraria-occitana.org\/oc\/produch\/noms-de-lieux-en-france-origine-et-signification\/","title":{"rendered":"Noms de lieux en France : Origine et signification"},"content":{"rendered":"<p>Les noms de lieux ont une origine, une signification, une histoire, que la toponymie a pour but d\u2019expliciter. Ils sont les t\u00e9moins linguistiques des relations entre l\u2019homme et son milieu, retra\u00e7ant par exemple ses efforts incessants pour ma\u00eetriser la nature, d\u00e9velopper les industries locales, favoriser les \u00e9changes. Les noms de lieux sont \u00e9galement les vestiges de pratiques culturelles et ont parfois conserv\u00e9 le souvenir de populations occupant un territoire, d\u2019un propri\u00e9taire de domaine, voire d\u2019un fondateur de cit\u00e9.<\/p>\n<p>Inscrits dans le temps, les noms de villes et de villages, de r\u00e9gions, de montagnes et de rivi\u00e8res se sont inscrits dans des contextes linguistiques et g\u00e9ographiques divers (gaulois, gallo-romain, germanique, langues r\u00e9gionales\u2026). Nos cartes actuelles, riches de ces superpositions, deviennent des livres d\u2019histoire \u00e0 d\u00e9couvrir, \u00e0 parcourir.<\/p>\n<p>C\u2019est le mode d\u2019emploi de la toponymie que nous propose cet ouvrage, une porte d\u2019entr\u00e9e dans le tr\u00e9sor foisonnant et fascinant des noms de lieux.<\/p>\n","protected":false},"excerpt":{"rendered":"<p>Les noms de lieux ont une origine, une signification, une histoire, que la toponymie a pour but d\u2019expliciter. Ils sont les t\u00e9moins linguistiques des relations entre l\u2019homme et son milieu, retra\u00e7ant par exemple ses efforts incessants pour ma\u00eetriser la nature, d\u00e9velopper les industries locales, favoriser les \u00e9changes. Les noms de lieux sont \u00e9galement les vestiges [&hellip;]<\/p>\n","protected":false},"featured_media":63444,"template":"","meta":{"_acf_changed":false,"_genesis_hide_title":false,"_genesis_hide_breadcrumbs":false,"_genesis_hide_singular_image":false,"_genesis_hide_footer_widgets":false,"_genesis_custom_body_class":"","_genesis_custom_post_class":"","_genesis_layout":""},"product_brand":[],"product_cat":[7149,7133,7163],"product_tag":[],"class_list":{"0":"post-63446","1":"product","2":"type-product","3":"status-publish","4":"has-post-thumbnail","6":"product_cat-istoria-geografia-oc","7":"product_cat-libres-oc","8":"product_cat-noms-de-luocs-noms-de-personas-oc","9":"pa_auteur-gendron-stephane-oc","10":"pa_editeur-actes-sud-oc","11":"pa_langue-francais-oc","12":"entry","14":"first","15":"instock","16":"shipping-taxable","17":"purchasable","18":"product-type-simple"},"acf":[],"_links":{"self":[{"href":"https:\/\/www.libraria-occitana.org\/oc\/wp-json\/wp\/v2\/product\/63446","targetHints":{"allow":["GET"]}}],"collection":[{"href":"https:\/\/www.libraria-occitana.org\/oc\/wp-json\/wp\/v2\/product"}],"about":[{"href":"https:\/\/www.libraria-occitana.org\/oc\/wp-json\/wp\/v2\/types\/product"}],"wp:featuredmedia":[{"embeddable":true,"href":"https:\/\/www.libraria-occitana.org\/oc\/wp-json\/wp\/v2\/media\/63444"}],"wp:attachment":[{"href":"https:\/\/www.libraria-occitana.org\/oc\/wp-json\/wp\/v2\/media?parent=63446"}],"wp:term":[{"taxonomy":"product_brand","embeddable":true,"href":"https:\/\/www.libraria-occitana.org\/oc\/wp-json\/wp\/v2\/product_brand?post=63446"},{"taxonomy":"product_cat","embeddable":true,"href":"https:\/\/www.libraria-occitana.org\/oc\/wp-json\/wp\/v2\/product_cat?post=63446"},{"taxonomy":"product_tag","embeddable":true,"href":"https:\/\/www.libraria-occitana.org\/oc\/wp-json\/wp\/v2\/product_tag?post=63446"}],"curies":[{"name":"wp","href":"https:\/\/api.w.org\/{rel}","templated":true}]}}