{"id":63481,"date":"2026-03-11T17:53:57","date_gmt":"2026-03-11T16:53:57","guid":{"rendered":"https:\/\/www.libraria-occitana.org\/?post_type=product&#038;p=63481"},"modified":"2026-04-26T02:11:50","modified_gmt":"2026-04-26T00:11:50","slug":"rando-correze-16-balades-a-pied-a-vtt-en-canoe","status":"publish","type":"product","link":"https:\/\/www.libraria-occitana.org\/oc\/produch\/rando-correze-16-balades-a-pied-a-vtt-en-canoe\/","title":{"rendered":"Rando Corr\u00e8ze &#8211; 16 balades \u00e0 pied, \u00e0 VTT, en cano\u00eb"},"content":{"rendered":"<p>Avec ce guide de 16 randonn\u00e9es \u00e0 pied, \u00e0 v\u00e9lo et en cano\u00eb, partez \u00e0 la d\u00e9couverte de la Corr\u00e8ze sous un angle nature, curieux et toujours accessible. Chaque itin\u00e9raire est pens\u00e9 comme une parenth\u00e8se, une bouff\u00e9e d\u2019air entre ville, for\u00eat, eau et patrimoine.<br \/>\nCe guide vous propose une s\u00e9lection de balades \u00e0 pied, \u00e0 v\u00e9lo ou en cano\u00eb, pour explorer la r\u00e9gion autrement. Loin des grands axes, sur des circuits courts et en boucle, vous d\u00e9couvrirez des coins secrets, des points de vue spectaculaires, des ambiances vari\u00e9es, mais toujours \u00e0 port\u00e9e de main.<\/p>\n","protected":false},"excerpt":{"rendered":"<p>Avec ce guide de 16 randonn\u00e9es \u00e0 pied, \u00e0 v\u00e9lo et en cano\u00eb, partez \u00e0 la d\u00e9couverte de la Corr\u00e8ze sous un angle nature, curieux et toujours accessible. Chaque itin\u00e9raire est pens\u00e9 comme une parenth\u00e8se, une bouff\u00e9e d\u2019air entre ville, for\u00eat, eau et patrimoine. Ce guide vous propose une s\u00e9lection de balades \u00e0 pied, \u00e0 [&hellip;]<\/p>\n","protected":false},"featured_media":63484,"template":"","meta":{"_acf_changed":false,"_genesis_hide_title":false,"_genesis_hide_breadcrumbs":false,"_genesis_hide_singular_image":false,"_genesis_hide_footer_widgets":false,"_genesis_custom_body_class":"","_genesis_custom_post_class":"","_genesis_layout":""},"product_brand":[],"product_cat":[7199,7133,7197],"product_tag":[],"class_list":{"0":"post-63481","1":"product","2":"type-product","3":"status-publish","4":"has-post-thumbnail","6":"product_cat-guides-torisme-viatge-oc","7":"product_cat-libres-oc","8":"product_cat-natura-torisme-oc","9":"pa_auteur-foujanet-caroline-oc","10":"pa_editeur-geste-oc","11":"pa_langue-francais-oc","12":"entry","14":"first","15":"instock","16":"shipping-taxable","17":"purchasable","18":"product-type-simple"},"acf":[],"_links":{"self":[{"href":"https:\/\/www.libraria-occitana.org\/oc\/wp-json\/wp\/v2\/product\/63481","targetHints":{"allow":["GET"]}}],"collection":[{"href":"https:\/\/www.libraria-occitana.org\/oc\/wp-json\/wp\/v2\/product"}],"about":[{"href":"https:\/\/www.libraria-occitana.org\/oc\/wp-json\/wp\/v2\/types\/product"}],"wp:featuredmedia":[{"embeddable":true,"href":"https:\/\/www.libraria-occitana.org\/oc\/wp-json\/wp\/v2\/media\/63484"}],"wp:attachment":[{"href":"https:\/\/www.libraria-occitana.org\/oc\/wp-json\/wp\/v2\/media?parent=63481"}],"wp:term":[{"taxonomy":"product_brand","embeddable":true,"href":"https:\/\/www.libraria-occitana.org\/oc\/wp-json\/wp\/v2\/product_brand?post=63481"},{"taxonomy":"product_cat","embeddable":true,"href":"https:\/\/www.libraria-occitana.org\/oc\/wp-json\/wp\/v2\/product_cat?post=63481"},{"taxonomy":"product_tag","embeddable":true,"href":"https:\/\/www.libraria-occitana.org\/oc\/wp-json\/wp\/v2\/product_tag?post=63481"}],"curies":[{"name":"wp","href":"https:\/\/api.w.org\/{rel}","templated":true}]}}