{"id":63488,"date":"2026-03-11T19:19:21","date_gmt":"2026-03-11T18:19:21","guid":{"rendered":"https:\/\/www.libraria-occitana.org\/?post_type=product&#038;p=63488"},"modified":"2026-04-26T22:06:29","modified_gmt":"2026-04-26T20:06:29","slug":"les-troubadours-face-a-lhistoire","status":"publish","type":"product","link":"https:\/\/www.libraria-occitana.org\/oc\/produch\/les-troubadours-face-a-lhistoire\/","title":{"rendered":"Les Troubadours face \u00e0 l&#8217;histoire"},"content":{"rendered":"<p>Les troubadours jouissent d\u2019une r\u00e9putation flatteuse. Certains pensent qu\u2019ils auraient \u00ab invent\u00e9 \u00bb l\u2019amour au XIIe si\u00e8cle. C\u2019est sans doute trop leur attribuer, m\u00eame s\u2019il est vrai qu\u2019ils ont popularis\u00e9 l\u2019amour \u00ab courtois \u00bb et la figure de la \u00ab dame \u00bb, inaccessible mais objet de toutes les sollicitations.<\/p>\n<p>Cet ouvrage s\u2019\u00e9loigne cependant des consid\u00e9rations litt\u00e9raires pour se concentrer sur les aspects historiques de la vie des troubadours. Ph\u00e9nom\u00e8ne de cour influenc\u00e9 par plusieurs traditions anciennes et li\u00e9 \u00e0 l\u2019exercice du pouvoir f\u00e9odal, la po\u00e9sie lyrique occitane appara\u00eet dans le duch\u00e9 d\u2019Aquitaine vers 1100. Elle reste cantonn\u00e9e \u00e0 cet espace jusqu\u2019\u00e0 la mort du duc Guillaume X en 1137. La m\u00eame ann\u00e9e, le mariage de sa fille Ali\u00e9nor d\u2019Aquitaine avec Louis VII am\u00e8ne de nombreux Aquitains \u00e0 quitter leur r\u00e9gion puis \u00e0 essaimer partout o\u00f9 ils s\u2019installent. Peu de troubadours suivent Ali\u00e9nor en Angleterre \u00e0 la suite de son mariage. Ils trouvent un meilleur accueil \u00e0 Toulouse, \u00e0 Barcelone, dans l\u2019actuel Languedoc, en Provence et enfin en Italie du nord, territoires o\u00f9 ils s\u2019\u00e9panouissent encore pendant un si\u00e8cle et demi.<\/p>\n<p>Mais \u00e0 compter de la seconde moiti\u00e9 du XIIe si\u00e8cle, la mont\u00e9e en puissance des \u00c9tats royaux modifie leurs conditions d\u2019existence. Certains s\u2019adaptent \u00e0 la nouvelle donne politique. D\u2019autres empruntent le chemin de la r\u00e9bellion. Mais les bouleversements politiques du XIIIe si\u00e8cle contraignent leurs successeurs \u00e0 plier face \u00e0 la violence des temps. L\u2019art lyrique op\u00e8re une mue qui le fait progressivement quitter la sph\u00e8re de la litt\u00e9rature orale pour celle de la litt\u00e9rature \u00e9crite. Apr\u00e8s 1300, loin de dispara\u00eetre, il ne cesse de se renouveler dans ce cadre nouveau.<\/p>\n","protected":false},"excerpt":{"rendered":"<p>Les troubadours jouissent d\u2019une r\u00e9putation flatteuse. Certains pensent qu\u2019ils auraient \u00ab invent\u00e9 \u00bb l\u2019amour au XIIe si\u00e8cle. C\u2019est sans doute trop leur attribuer, m\u00eame s\u2019il est vrai qu\u2019ils ont popularis\u00e9 l\u2019amour \u00ab courtois \u00bb et la figure de la \u00ab dame \u00bb, inaccessible mais objet de toutes les sollicitations. Cet ouvrage s\u2019\u00e9loigne cependant des consid\u00e9rations [&hellip;]<\/p>\n","protected":false},"featured_media":63491,"template":"","meta":{"_acf_changed":false,"_genesis_hide_title":false,"_genesis_hide_breadcrumbs":false,"_genesis_hide_singular_image":false,"_genesis_hide_footer_widgets":false,"_genesis_custom_body_class":"","_genesis_custom_post_class":"","_genesis_layout":""},"product_brand":[],"product_cat":[7161,7149,7133],"product_tag":[],"class_list":{"0":"post-63488","1":"product","2":"type-product","3":"status-publish","4":"has-post-thumbnail","6":"product_cat-istoria-medievala-oc","7":"product_cat-istoria-geografia-oc","8":"product_cat-libres-oc","9":"pa_langue-francais-oc","10":"entry","12":"first","13":"instock","14":"shipping-taxable","15":"purchasable","16":"product-type-simple"},"acf":[],"_links":{"self":[{"href":"https:\/\/www.libraria-occitana.org\/oc\/wp-json\/wp\/v2\/product\/63488","targetHints":{"allow":["GET"]}}],"collection":[{"href":"https:\/\/www.libraria-occitana.org\/oc\/wp-json\/wp\/v2\/product"}],"about":[{"href":"https:\/\/www.libraria-occitana.org\/oc\/wp-json\/wp\/v2\/types\/product"}],"wp:featuredmedia":[{"embeddable":true,"href":"https:\/\/www.libraria-occitana.org\/oc\/wp-json\/wp\/v2\/media\/63491"}],"wp:attachment":[{"href":"https:\/\/www.libraria-occitana.org\/oc\/wp-json\/wp\/v2\/media?parent=63488"}],"wp:term":[{"taxonomy":"product_brand","embeddable":true,"href":"https:\/\/www.libraria-occitana.org\/oc\/wp-json\/wp\/v2\/product_brand?post=63488"},{"taxonomy":"product_cat","embeddable":true,"href":"https:\/\/www.libraria-occitana.org\/oc\/wp-json\/wp\/v2\/product_cat?post=63488"},{"taxonomy":"product_tag","embeddable":true,"href":"https:\/\/www.libraria-occitana.org\/oc\/wp-json\/wp\/v2\/product_tag?post=63488"}],"curies":[{"name":"wp","href":"https:\/\/api.w.org\/{rel}","templated":true}]}}