{"id":63602,"date":"2026-04-03T19:15:14","date_gmt":"2026-04-03T17:15:14","guid":{"rendered":"https:\/\/www.libraria-occitana.org\/?post_type=product&#038;p=63602"},"modified":"2026-04-04T08:25:24","modified_gmt":"2026-04-04T06:25:24","slug":"flors-salvatjas-de-perigord-tome-2-amigas-mespresadas-fleurs-sauvages-du-perigord-tome-2-amies-meprisees","status":"publish","type":"product","link":"https:\/\/www.libraria-occitana.org\/oc\/produch\/flors-salvatjas-de-perigord-tome-2-amigas-mespresadas-fleurs-sauvages-du-perigord-tome-2-amies-meprisees\/","title":{"rendered":"Flors salvatjas de Perig\u00f2rd T\u00f2me 2 : Amigas mespresadas &#8211; Fleurs sauvages du P\u00e9rigord Tome 2 : Amies m\u00e9pris\u00e9es"},"content":{"rendered":"<p>Aqueste volum constitu\u00eds lo t\u00f2m segond de la colleccion Flors salvatjas de Perigord (<a href=\"https:\/\/www.libraria-occitana.org\/produit\/flors-salvatjas-de-perigord-tome-1-amigas-mespresadas-fleurs-sauvages-du-perigord-tome-1-amies-meprisees\/\">T\u00f2me 1<\/a>).<\/p>\n<p><strong>Es consacrat a las Asterac\u00e8as<\/strong>, l'una de las familhas mai grandas e mai variadas del regne vegetal. Cada esp\u00e9cia es descricha amb precision, repla\u00e7ada dins son mitan natural e acompanhada de n\u00f2tas sus son abitat, sa reparticion e sos usages. Se p\u00f2t legir de fai\u00e7on auton\u00f2ma, en s'inscrivent dins la continuitat d'una entrepresa apelada a se desplegar dins las annadas venentas.<\/p>\n<p>L'obratge, biling\u00fce occitan e franc\u00e9s, met en valor la riquesa botanica e la diversitat ling\u00fcistica de Perigord.<\/p>\n","protected":false},"excerpt":{"rendered":"<p>Aqueste volum constitu\u00eds lo t\u00f2m segond de la colleccion Flors salvatjas de Perigord (T\u00f2me 1). Es consacrat a las Asterac\u00e8as, l&#8217;una de las familhas mai grandas e mai variadas del regne vegetal. Cada esp\u00e9cia es descricha amb precision, repla\u00e7ada dins son mitan natural e acompanhada de n\u00f2tas sus son abitat, sa reparticion e sos usages. [&hellip;]<\/p>\n","protected":false},"featured_media":63605,"template":"","meta":{"_acf_changed":false,"_genesis_hide_title":false,"_genesis_hide_breadcrumbs":false,"_genesis_hide_singular_image":false,"_genesis_hide_footer_widgets":false,"_genesis_custom_body_class":"","_genesis_custom_post_class":"","_genesis_layout":""},"product_brand":[],"product_cat":[7133,7197,7201],"product_tag":[],"class_list":{"0":"post-63602","1":"product","2":"type-product","3":"status-publish","4":"has-post-thumbnail","6":"product_cat-libres-oc","7":"product_cat-natura-torisme-oc","8":"product_cat-natura-vargier-oc","9":"pa_auteur-orazio-joan-lois-oc","10":"pa_editeur-ieo-perigord-novelum-oc","11":"pa_langue-occitan-lengadocian-oc","12":"pa_langue-occitan-francais-oc","13":"entry","15":"first","16":"instock","17":"shipping-taxable","18":"purchasable","19":"product-type-simple"},"acf":[],"_links":{"self":[{"href":"https:\/\/www.libraria-occitana.org\/oc\/wp-json\/wp\/v2\/product\/63602","targetHints":{"allow":["GET"]}}],"collection":[{"href":"https:\/\/www.libraria-occitana.org\/oc\/wp-json\/wp\/v2\/product"}],"about":[{"href":"https:\/\/www.libraria-occitana.org\/oc\/wp-json\/wp\/v2\/types\/product"}],"wp:featuredmedia":[{"embeddable":true,"href":"https:\/\/www.libraria-occitana.org\/oc\/wp-json\/wp\/v2\/media\/63605"}],"wp:attachment":[{"href":"https:\/\/www.libraria-occitana.org\/oc\/wp-json\/wp\/v2\/media?parent=63602"}],"wp:term":[{"taxonomy":"product_brand","embeddable":true,"href":"https:\/\/www.libraria-occitana.org\/oc\/wp-json\/wp\/v2\/product_brand?post=63602"},{"taxonomy":"product_cat","embeddable":true,"href":"https:\/\/www.libraria-occitana.org\/oc\/wp-json\/wp\/v2\/product_cat?post=63602"},{"taxonomy":"product_tag","embeddable":true,"href":"https:\/\/www.libraria-occitana.org\/oc\/wp-json\/wp\/v2\/product_tag?post=63602"}],"curies":[{"name":"wp","href":"https:\/\/api.w.org\/{rel}","templated":true}]}}