{"id":63680,"date":"2026-04-27T18:54:23","date_gmt":"2026-04-27T16:54:23","guid":{"rendered":"https:\/\/www.libraria-occitana.org\/?post_type=product&#038;p=63680"},"modified":"2026-04-27T18:54:24","modified_gmt":"2026-04-27T16:54:24","slug":"la-diversite-pour-survivre-au-rechauffement-climatique-et-au-refroidissement-culturel","status":"publish","type":"product","link":"https:\/\/www.libraria-occitana.org\/oc\/produch\/la-diversite-pour-survivre-au-rechauffement-climatique-et-au-refroidissement-culturel\/","title":{"rendered":"La diversit\u00e9 pour survivre au r\u00e9chauffement climatique et au refroidissement culturel"},"content":{"rendered":"<p>Dans cet ouvrage, David Grosclaude rappelle le lien attest\u00e9 entre biodiversit\u00e9 et diversit\u00e9 culturelle. Il ajoute la notion de \u00ab refroidissement culturel \u00bb pour rappeler la menace que fait peser l&#8217;uniformisation rampante \u00e0 travers le monde.<\/p>\n","protected":false},"excerpt":{"rendered":"<p>Dans cet ouvrage, David Grosclaude rappelle le lien attest\u00e9 entre biodiversit\u00e9 et diversit\u00e9 culturelle. Il ajoute la notion de \u00ab refroidissement culturel \u00bb pour rappeler la menace que fait peser l&#8217;uniformisation rampante \u00e0 travers le monde.<\/p>\n","protected":false},"featured_media":63678,"template":"","meta":{"_acf_changed":false,"_genesis_hide_title":false,"_genesis_hide_breadcrumbs":false,"_genesis_hide_singular_image":false,"_genesis_hide_footer_widgets":false,"_genesis_custom_body_class":"","_genesis_custom_post_class":"","_genesis_layout":""},"product_brand":[],"product_cat":[7133,7203],"product_tag":[],"class_list":{"0":"post-63680","1":"product","2":"type-product","3":"status-publish","4":"has-post-thumbnail","6":"product_cat-libres-oc","7":"product_cat-politica-sociologia-actualitat-oc","8":"pa_auteur-grosclaude-david-1-oc","9":"pa_langue-francais-oc","10":"entry","12":"first","13":"instock","14":"shipping-taxable","15":"purchasable","16":"product-type-simple"},"acf":[],"_links":{"self":[{"href":"https:\/\/www.libraria-occitana.org\/oc\/wp-json\/wp\/v2\/product\/63680","targetHints":{"allow":["GET"]}}],"collection":[{"href":"https:\/\/www.libraria-occitana.org\/oc\/wp-json\/wp\/v2\/product"}],"about":[{"href":"https:\/\/www.libraria-occitana.org\/oc\/wp-json\/wp\/v2\/types\/product"}],"wp:featuredmedia":[{"embeddable":true,"href":"https:\/\/www.libraria-occitana.org\/oc\/wp-json\/wp\/v2\/media\/63678"}],"wp:attachment":[{"href":"https:\/\/www.libraria-occitana.org\/oc\/wp-json\/wp\/v2\/media?parent=63680"}],"wp:term":[{"taxonomy":"product_brand","embeddable":true,"href":"https:\/\/www.libraria-occitana.org\/oc\/wp-json\/wp\/v2\/product_brand?post=63680"},{"taxonomy":"product_cat","embeddable":true,"href":"https:\/\/www.libraria-occitana.org\/oc\/wp-json\/wp\/v2\/product_cat?post=63680"},{"taxonomy":"product_tag","embeddable":true,"href":"https:\/\/www.libraria-occitana.org\/oc\/wp-json\/wp\/v2\/product_tag?post=63680"}],"curies":[{"name":"wp","href":"https:\/\/api.w.org\/{rel}","templated":true}]}}