{"id":63740,"date":"2026-05-12T17:12:31","date_gmt":"2026-05-12T15:12:31","guid":{"rendered":"https:\/\/www.libraria-occitana.org\/product\/jan-lo-darrier-dau-melhau\/"},"modified":"2026-05-12T17:12:31","modified_gmt":"2026-05-12T15:12:31","slug":"jan-lo-darrier-dau-melhau","status":"publish","type":"product","link":"https:\/\/www.libraria-occitana.org\/oc\/produch\/jan-lo-darrier-dau-melhau\/","title":{"rendered":"JAN, lo darrier DAU MELHAU"},"content":{"rendered":"<p>Jan dau Melhau lo musicaire, lo contaire, lo cronicaire, l'escriveire de tant de biais (mas que siajan pro marginaus), l'epistolier, lo legeire, l'editor, l'anarchista, l'insomes a l'armada, lo resistent a l'aer dau temps, a la societat tecnologica, cibernetica, f\u00f2ra-s\u00f2u, lo pacan. Lo darrier de son monde au pa\u00eds que ne'n p\u00f2rta lo nom.<\/p>\n<p>Tot \u00e7\u00f2 que se'n podia dire en tan pauc de temps, 'queu filme zo ditz, sens floridura nimai artifici. Li balhar la paraula e li ne'n laissar segre lo fiau es estat lo pretzfach dau realizador.<\/p>\n<p><strong>En supplement :<\/strong><\/p>\n<ul>\n<li>La chan\u00e7on dau filme \u00ab Es mas ben temps de s'en anar \u00bb.<\/li>\n<li>Los artistas de Melhau. Melhau parla d'artistas que coneis e presa e ne'n m\u00f2stra las \u00f2bras.<\/li>\n<\/ul>\n<p>Filme de 52 minutas de Jean-Louis Cros. Coproduccion Saison 5 (Emmanuelle Glemet) - Octele. Emb l'ajuda dau CNC.<\/p>\n","protected":false},"excerpt":{"rendered":"<p>Jan dau Melhau lo musicaire, lo contaire, lo cronicaire, l&#8217;escriveire de tant de biais (mas que siajan pro marginaus), l&#8217;epistolier, lo legeire, l&#8217;editor, l&#8217;anarchista, l&#8217;insomes a l&#8217;armada, lo resistent a l&#8217;aer dau temps, a la societat tecnologica, cibernetica, f\u00f2ra-s\u00f2u, lo pacan. Lo darrier de son monde au pa\u00eds que ne&#8217;n p\u00f2rta lo nom. Tot \u00e7\u00f2 [&hellip;]<\/p>\n","protected":false},"featured_media":63736,"template":"","meta":{"_acf_changed":false,"_genesis_hide_title":false,"_genesis_hide_breadcrumbs":false,"_genesis_hide_singular_image":false,"_genesis_hide_footer_widgets":false,"_genesis_custom_body_class":"","_genesis_custom_post_class":"","_genesis_layout":""},"product_brand":[],"product_cat":[7242,7248,7240],"product_tag":[],"class_list":{"0":"post-63740","1":"product","2":"type-product","3":"status-publish","4":"has-post-thumbnail","6":"product_cat-documentari-oc","7":"product_cat-musica-literatura-oc","8":"product_cat-video-oc","9":"pa_auteur-cros-jean-louis-oc","10":"pa_editeur-lo-chamin-de-sent-jaume-oc","11":"pa_langue-occitan-lemosin-oc","12":"pa_langue-occitan-francais-oc","13":"entry","15":"first","16":"instock","17":"shipping-taxable","18":"purchasable","19":"product-type-simple"},"acf":[],"_links":{"self":[{"href":"https:\/\/www.libraria-occitana.org\/oc\/wp-json\/wp\/v2\/product\/63740","targetHints":{"allow":["GET"]}}],"collection":[{"href":"https:\/\/www.libraria-occitana.org\/oc\/wp-json\/wp\/v2\/product"}],"about":[{"href":"https:\/\/www.libraria-occitana.org\/oc\/wp-json\/wp\/v2\/types\/product"}],"wp:featuredmedia":[{"embeddable":true,"href":"https:\/\/www.libraria-occitana.org\/oc\/wp-json\/wp\/v2\/media\/63736"}],"wp:attachment":[{"href":"https:\/\/www.libraria-occitana.org\/oc\/wp-json\/wp\/v2\/media?parent=63740"}],"wp:term":[{"taxonomy":"product_brand","embeddable":true,"href":"https:\/\/www.libraria-occitana.org\/oc\/wp-json\/wp\/v2\/product_brand?post=63740"},{"taxonomy":"product_cat","embeddable":true,"href":"https:\/\/www.libraria-occitana.org\/oc\/wp-json\/wp\/v2\/product_cat?post=63740"},{"taxonomy":"product_tag","embeddable":true,"href":"https:\/\/www.libraria-occitana.org\/oc\/wp-json\/wp\/v2\/product_tag?post=63740"}],"curies":[{"name":"wp","href":"https:\/\/api.w.org\/{rel}","templated":true}]}}