{"id":63744,"date":"2026-05-12T18:27:23","date_gmt":"2026-05-12T16:27:23","guid":{"rendered":"https:\/\/www.libraria-occitana.org\/?post_type=product&#038;p=63744"},"modified":"2026-05-12T19:09:37","modified_gmt":"2026-05-12T17:09:37","slug":"toponymie-occitane-languedocienne","status":"publish","type":"product","link":"https:\/\/www.libraria-occitana.org\/oc\/produch\/toponymie-occitane-languedocienne\/","title":{"rendered":"Toponymie occitane languedocienne"},"content":{"rendered":"<p>L&#8217;Argendouble, Bouygues, Bouzigues, les Cloupiers, la Couillade des Bourriques, Cucugnan, En Baylet et Ena Bruniquel, Euz\u00e8de, La Boulb\u00e8ne, Lacaune, Garrouillasses, la Gaure, Gavacherie, Grau de Maury, P\u00e9rigord, Piquepoul et Cantegaline, Quercy, Rouergue, Viols-le-Fort ou La Vitarelle&#8230; Autant de communes, de lieux-dits, de rivi\u00e8res ou de petits pays et provinces au nom souvent \u00e9tonnant, parfois \u00e9nigmatique.<\/p>\n<p>Au c\u0153ur du domaine linguistique occitan, les pays de dialecte languedocien couvrent un large espace qui s&#8217;\u00e9tend de la Dordogne au littoral du Bas-Languedoc et va de l&#8217;Aubrac ou des C\u00e9vennes \u00e0 la vall\u00e9e de l&#8217;Ari\u00e8ge.<\/p>\n<p>T\u00e9moins de l&#8217;occupation du sol, reflets des for\u00eats ou des landes couvrant le territoire avant les grands d\u00e9frichements, les noms de lieux donnent de pr\u00e9cieux rep\u00e8res pour l&#8217;histoire des territoires occitans.<\/p>\n<p>Pour leurs travaux de toponymie occitane B\u00e9n\u00e9dicte Boyrie-F\u00e9ni\u00e9 et Jean-Jacques F\u00e9ni\u00e9 ont re\u00e7u le prix \u00ab Marquis de La Grange \u00bb (2021) d\u00e9cern\u00e9 par l&#8217;Acad\u00e9mie des Sciences, Arts et Belles-Lettres de Bordeaux.<\/p>\n","protected":false},"excerpt":{"rendered":"<p>L&#8217;Argendouble, Bouygues, Bouzigues, les Cloupiers, la Couillade des Bourriques, Cucugnan, En Baylet et Ena Bruniquel, Euz\u00e8de, La Boulb\u00e8ne, Lacaune, Garrouillasses, la Gaure, Gavacherie, Grau de Maury, P\u00e9rigord, Piquepoul et Cantegaline, Quercy, Rouergue, Viols-le-Fort ou La Vitarelle&#8230; Autant de communes, de lieux-dits, de rivi\u00e8res ou de petits pays et provinces au nom souvent \u00e9tonnant, parfois \u00e9nigmatique. [&hellip;]<\/p>\n","protected":false},"featured_media":63747,"template":"","meta":{"_acf_changed":false,"_genesis_hide_title":false,"_genesis_hide_breadcrumbs":false,"_genesis_hide_singular_image":false,"_genesis_hide_footer_widgets":false,"_genesis_custom_body_class":"","_genesis_custom_post_class":"","_genesis_layout":""},"product_brand":[],"product_cat":[7149,7133,7163],"product_tag":[],"class_list":{"0":"post-63744","1":"product","2":"type-product","3":"status-publish","4":"has-post-thumbnail","6":"product_cat-istoria-geografia-oc","7":"product_cat-libres-oc","8":"product_cat-noms-de-luocs-noms-de-personas-oc","9":"pa_auteur-fenie-benedicte-oc","10":"pa_auteur-fenie-jean-jacques-oc","11":"pa_editeur-le-bord-de-leau-oc","12":"pa_langue-francais-oc","13":"pa_langue-occitan-oc","14":"pa_langue-occitan-lengadocian-oc","15":"entry","17":"first","18":"instock","19":"shipping-taxable","20":"purchasable","21":"product-type-simple"},"acf":[],"_links":{"self":[{"href":"https:\/\/www.libraria-occitana.org\/oc\/wp-json\/wp\/v2\/product\/63744","targetHints":{"allow":["GET"]}}],"collection":[{"href":"https:\/\/www.libraria-occitana.org\/oc\/wp-json\/wp\/v2\/product"}],"about":[{"href":"https:\/\/www.libraria-occitana.org\/oc\/wp-json\/wp\/v2\/types\/product"}],"wp:featuredmedia":[{"embeddable":true,"href":"https:\/\/www.libraria-occitana.org\/oc\/wp-json\/wp\/v2\/media\/63747"}],"wp:attachment":[{"href":"https:\/\/www.libraria-occitana.org\/oc\/wp-json\/wp\/v2\/media?parent=63744"}],"wp:term":[{"taxonomy":"product_brand","embeddable":true,"href":"https:\/\/www.libraria-occitana.org\/oc\/wp-json\/wp\/v2\/product_brand?post=63744"},{"taxonomy":"product_cat","embeddable":true,"href":"https:\/\/www.libraria-occitana.org\/oc\/wp-json\/wp\/v2\/product_cat?post=63744"},{"taxonomy":"product_tag","embeddable":true,"href":"https:\/\/www.libraria-occitana.org\/oc\/wp-json\/wp\/v2\/product_tag?post=63744"}],"curies":[{"name":"wp","href":"https:\/\/api.w.org\/{rel}","templated":true}]}}